{"id":7111,"date":"2021-10-08T14:09:48","date_gmt":"2021-10-08T12:09:48","guid":{"rendered":"https:\/\/nova.client22.masmedia.hu\/?page_id=7111"},"modified":"2021-10-08T14:09:48","modified_gmt":"2021-10-08T12:09:48","slug":"aktualis-kepzeseink-2","status":"publish","type":"page","link":"https:\/\/novahr.hu\/en\/akademia\/aktualis-kepzeseink-2\/","title":{"rendered":"Aktu\u00e1lis k\u00e9pz\u00e9seink"},"content":{"rendered":"<div class=\"wpb-content-wrapper\"><p>[vc_row full_width=&#8221;stretch_row&#8221; css=&#8221;.vc_custom_1614090270174{padding-top: 0px !important;padding-bottom: 10px !important;background-image: url(https:\/\/nova.client22.masmedia.hu\/wp-content\/uploads\/2020\/05\/header-background.jpg?id=534) !important;background-position: center !important;background-repeat: no-repeat !important;background-size: cover !important;}&#8221;][vc_column width=&#8221;1\/6&#8243; css=&#8221;.vc_custom_1614090278385{padding-top: 0px !important;}&#8221;][\/vc_column][vc_column width=&#8221;2\/3&#8243;][vc_column_text]<\/p>\n<h1 style=\"text-align: center; color: #ffffff;\">Aktu\u00e1lis k\u00e9pz\u00e9seink<\/h1>\n<p>[\/vc_column_text][vc_column_text]<\/p>\n<p style=\"text-align: center;\"><span style=\"color: #ffffff;\"><strong>Magyar tulajdonban l\u00e9v\u0151, nemzetk\u00f6zi sztenderdek szerint m\u0171k\u00f6d\u0151 szem\u00e9lyzeti tan\u00e1csad\u00f3 c\u00e9g vagyunk, a Nova v\u00e1llalatcsoport tagja.<\/strong><\/span><\/p>\n<p>[\/vc_column_text][\/vc_column][vc_column width=&#8221;1\/6&#8243; css=&#8221;.vc_custom_1614090283619{padding-top: 0px !important;}&#8221;][\/vc_column][\/vc_row][vc_row][vc_column]<div class=\"kw_upcoming_trainings_style2\">\r\n\t\t\t\t\t\t\r\n\t\t\t\t\t\t<div class=\"kw_upcoming-trainings-filters\">\r\n\t\t\t\t\t\t\t<div class=\"filters-item\">\r\n\t\t\t\t\t\t\t\t<select id=\"upcoming-trainings-filter-date\" name=\"upcoming_trainings_filter_date\">\r\n\t\t\t\t\t\t\t\t\t<option value=\"\">D\u00e1tum<\/option>\r\n\t\t\t\t\t\t\t\t<\/select>\r\n\t\t\t\t\t\t\t<\/div>\r\n\t\t\t\t\t\t\t<div class=\"filters-item\">\r\n\t\t\t\t\t\t\t\t<input id=\"upcoming-trainings-filter-search\" type=\"text\" name=\"upcoming_trainings_filter_search\" placeholder=\"Kulcssz\u00f3...\">\r\n\t\t\t\t\t\t\t<\/div>\r\n\t\t\t\t\t\t\t<div class=\"filters-item\">\r\n\t\t\t\t\t\t\t\t<a id=\"upcoming-trainings-filter-submit\" class=\"nova-button-1\">Search<\/a>\r\n\t\t\t\t\t\t\t<\/div>\r\n\t\t\t\t\t\t <\/div>\r\n\t\t\t\t\t\t<h2 id=\"upcoming-trainings-filter-not-found\" class=\"text-center mb-5\" style=\"display:none;\">Sajnos a keres\u00e9s nem eredm\u00e9nyezett tal\u00e1latot<\/h2>\r\n\t\t\t\t\t\t<div id=\"kw_upcoming_trainings_inner\" class=\"kw_upcoming_trainings_inner\"><div class=\"training-item\" data-date=\"2026.05\" data-date-until=\"\">\r\n\t\t\t\t\t\t\t\t\t\t\t\t\t<div class=\"item-title-outer\">\r\n\t\t\t\t\t\t\t\t\t\t\t\t\t\t<div class=\"item-title\">\r\n\t\t\t\t\t\t\t\t\t\t\t\t\t\t\t<h4><a target=\"_blank\" href=\"https:\/\/novahr.hu\/en\/akademia\/training\/adatvedelmi-munkaugyi-es-tb-kepzesek\/adatvedelmi-kepzesek\/hr-es-adatvedelem-a-gyakorlatban\/\">HR \u00e9s adatv\u00e9delem a gyakorlatban<\/a><\/h4>\r\n\t\t\t\t\t\t\t\t\t\t\t\t\t\t\t<div class=\"item-location\">\r\n\t\t\t\t\t\t\t\t\t\t\t\t\t\t\t\t<div class=\"item-location-icon\">\r\n\t\t\t\t\t\t\t\t\t\t\t\t\t\t\t\t\t<i class=\"fas fa-map-marker-alt\"><\/i>\r\n\t\t\t\t\t\t\t\t\t\t\t\t\t\t\t\t<\/div>\r\n\t\t\t\t\t\t\t\t\t\t\t\t\t\t\t\t<div class=\"item-location-content\">Zoom platform <\/div>\r\n\t\t\t\t\t\t\t\t\t\t\t\t\t\t\t<\/div>\r\n\t\t\t\t\t\t\t\t\t\t\t\t\t\t<\/div>\r\n\t\t\t\t\t\t\t\t\t\t\t\t\t\t<div class=\"item-cat\">Adatv\u00e9delmi, munka\u00fcgyi \u00e9s TB k\u00e9pz\u00e9sek<\/div>\r\n\t\t\t\t\t\t\t\t\t\t\t\t\t<\/div>\t\r\n\t\t\t\t\t\t\t\t\t\t\t\t\t<div class=\"item-content\">\r\n\t\t\t\t\t\t\t\t\t\t\t\t\t\t<div class=\"content\">Az adatv\u00e9delem napjainkban kulcsfontoss\u00e1g\u00fa t\u00e9ma, k\u00fcl\u00f6n\u00f6sen a HR szakemberek sz\u00e1m\u00e1ra, akik naponta kezelnek \u00e9rz\u00e9keny szem\u00e9lyes adatokat. Az alapos \u00e9s gyakorlatias adatv\u00e9delmi k\u00e9pz\u00e9s\u00fcnk c\u00e9lja, hogy megismertesse \u00d6n\u00f6ket azokkal a legfontosabb ...<\/div>\r\n\t\t\t\t\t\t\t\t\t\t\t\t\t\t<div class=\"item-dates\">\r\n\t\t\t\t\t\t\t\t\t\t\t\t\t\t\t<div class=\"item-date\">\r\n\t\t\t\t\t\t\t\t\t\t\t\t\t\t\t\t<div>14<\/div>\r\n\t\t\t\t\t\t\t\t\t\t\t\t\t\t\t\t<div>May<\/div>\r\n\t\t\t\t\t\t\t\t\t\t\t\t\t\t\t<\/div>\r\n\t\t\t\t\t\t\t\t\t\t\t\t\t\t\t\r\n\t\t\t\t\t\t\t\t\t\t\t\t\t\t<\/div>\r\n\t\t\t\t\t\t\t\t\t\t\t\t\t<\/div>\r\n\t\t\t\t\t\t\t\t\t\t\t\t<\/div><\/div>\r\n\t\t\t<\/div>[\/vc_column][\/vc_row]<\/p>\n<\/div>","protected":false},"excerpt":{"rendered":"<p>[vc_row full_width=&#8221;stretch_row&#8221; css=&#8221;.vc_custom_1614090270174{padding-top: 0px !important;padding-bottom: 10px !important;background-image: url(https:\/\/nova.client22.masmedia.hu\/wp-content\/uploads\/2020\/05\/header-background.jpg?id=534) !important;background-position: center !important;background-repeat: no-repeat !important;background-size: cover !important;}&#8221;][vc_column width=&#8221;1\/6&#8243; css=&#8221;.vc_custom_1614090278385{padding-top: 0px !important;}&#8221;][\/vc_column][vc_column width=&#8221;2\/3&#8243;][vc_column_text] Aktu\u00e1lis k\u00e9pz\u00e9seink [\/vc_column_text][vc_column_text] Magyar tulajdonban l\u00e9v\u0151, nemzetk\u00f6zi sztenderdek szerint m\u0171k\u00f6d\u0151 szem\u00e9lyzeti tan\u00e1csad\u00f3 c\u00e9g vagyunk, a Nova v\u00e1llalatcsoport tagja. [\/vc_column_text][\/vc_column][vc_column width=&#8221;1\/6&#8243; css=&#8221;.vc_custom_1614090283619{padding-top: 0px !important;}&#8221;][\/vc_column][\/vc_row][vc_row][vc_column][\/vc_column][\/vc_row]<\/p>\n","protected":false},"author":3,"featured_media":0,"parent":1715,"menu_order":0,"comment_status":"closed","ping_status":"closed","template":"","meta":{"footnotes":""},"class_list":["post-7111","page","type-page","status-publish","hentry"],"_links":{"self":[{"href":"https:\/\/novahr.hu\/en\/wp-json\/wp\/v2\/pages\/7111"}],"collection":[{"href":"https:\/\/novahr.hu\/en\/wp-json\/wp\/v2\/pages"}],"about":[{"href":"https:\/\/novahr.hu\/en\/wp-json\/wp\/v2\/types\/page"}],"author":[{"embeddable":true,"href":"https:\/\/novahr.hu\/en\/wp-json\/wp\/v2\/users\/3"}],"replies":[{"embeddable":true,"href":"https:\/\/novahr.hu\/en\/wp-json\/wp\/v2\/comments?post=7111"}],"version-history":[{"count":0,"href":"https:\/\/novahr.hu\/en\/wp-json\/wp\/v2\/pages\/7111\/revisions"}],"up":[{"embeddable":true,"href":"https:\/\/novahr.hu\/en\/wp-json\/wp\/v2\/pages\/1715"}],"wp:attachment":[{"href":"https:\/\/novahr.hu\/en\/wp-json\/wp\/v2\/media?parent=7111"}],"curies":[{"name":"wp","href":"https:\/\/api.w.org\/{rel}","templated":true}]}}