{"id":560,"date":"2020-05-04T17:58:12","date_gmt":"2020-05-04T17:58:12","guid":{"rendered":"https:\/\/novahr.hu\/?page_id=560"},"modified":"2021-03-11T14:58:39","modified_gmt":"2021-03-11T13:58:39","slug":"recruitment","status":"publish","type":"page","link":"https:\/\/novahr.hu\/en\/recruitment\/","title":{"rendered":"Recruitment"},"content":{"rendered":"<div class=\"wpb-content-wrapper\"><p>[vc_row full_width=&#8221;stretch_row&#8221; content_placement=&#8221;middle&#8221; css=&#8221;.vc_custom_1589895522266{padding-top: 12rem !important;padding-bottom: 18rem !important;background-image: url(https:\/\/novahr.hu\/wp-content\/uploads\/2020\/05\/image-7.png?id=29) !important;background-position: center !important;background-repeat: no-repeat !important;background-size: cover !important;}&#8221; el_class=&#8221;padding-y-mobile-5 overflow-enable bg-position-bottom bottom-shadow&#8221;][vc_column][vc_column_text css=&#8221;.vc_custom_1590675955626{margin-left: 20% !important;}&#8221; el_class=&#8221;margin-x-mobile-0&#8243;]<\/p>\n<h1 style=\"text-align: center;\"><span style=\"color: #ffffff;\">We help you find your new job!<\/span><\/h1>\n<p>[\/vc_column_text]<div class=\"larion-jobs-search-vc-wrapper px-md-5\"><div class=\"larion-jobs-search-vc-image\" style=\"background-image: url(https:\/\/novahr.hu\/wp-content\/uploads\/2020\/05\/NovaHR_figura_SuperNova_03-11-1-768x924.png)\"><\/div><div id='larion-jobs-search' class='larion-jobs-search'><form action='https:\/\/novahr.hu\/en\/recruitment\/allaslehetosegeink\/' method='get'><div class='larion-jobs-search-fields'><div class='row bg-white p-2 p-relative'><div id='larion-jobs-search-first-col' class='col-md-6 p-0 d-flex align-items-center'><i class='fas fa-search'><\/i><input id='larion-jobs-search-text-input' name='jobs-text' class='autocomplete' placeholder='Keyword' value=''><script> const larionSearchTextAutocompleteValues = [\"K\\u00f6nyvel\\u0151\",\"K\\u00f6nyvel\\u0151\",\"Frontend\",\"Fejleszt\\u0151\",\"Angular\",\"Frontend Fejleszt\\u0151 (Angular)\",\"Vezet\\u0151\",\"\\u00c9p\\u00edt\\u0151ipari\",\"K\\u00f6lts\\u00e9gmenedzser\",\"Vezet\\u0151 \\u00c9p\\u00edt\\u0151ipari K\\u00f6lts\\u00e9gmenedzser\",\"Magas\\u00e9p\\u00edt\\u00e9szeti\",\"\\\/\",\"M\\u0171szaki\",\"El\\u0151k\\u00e9sz\\u00edt\\u0151\",\"Magas\\u00e9p\\u00edt\\u00e9szeti K\\u00f6lts\\u00e9gmenedzser \\\/ M\\u0171szaki El\\u0151k\\u00e9sz\\u00edt\\u0151\",\"Munkav\\u00e9delmi\",\"szak\\u00e9rt\\u0151\",\"Munkav\\u00e9delmi szak\\u00e9rt\\u0151\",\"Anyagm\\u00e9rn\\u00f6k\",\"Fejleszt\\u00e9s-t\\u00e1mogat\\u00e1si\",\"oszt\\u00e1lyra\",\"Anyagm\\u00e9rn\\u00f6k (Fejleszt\\u00e9s-t\\u00e1mogat\\u00e1si oszt\\u00e1lyra)\",\"JAVA\",\"Banki\",\"ter\\u00fcletre\",\"JAVA Fejleszt\\u0151 (Banki ter\\u00fcletre)\",\"Sr.\",\"Tesztautomatiz\\u00e1l\\u00f3\",\"m\\u00e9rn\\u00f6k\",\"Sr. Tesztautomatiz\\u00e1l\\u00f3 m\\u00e9rn\\u00f6k\",\"Solution\",\"Architect\",\"Solution Architect (Banki ter\\u00fcletre)\",\"Warranty\",\"Assessor\",\"German\",\"Speaking\",\"Warranty Assessor (German Speaking)\",\"Warranty Assessor (German Speaking)\",\"Medior\",\"Spring\",\"Boot,\",\"Microservices\",\"Medior JAVA Fejleszt\\u0151 (Spring Boot, Microservices)\",\"Projekt\",\"Menedzser\",\"Ipari\",\"gyorskapuk\",\"M\\u0171szaki Projekt Menedzser (Ipari gyorskapuk)\",\"\\u00c9p\\u00edt\\u00e9sz\",\"Kivitelez\\u00e9si\",\"Projektm\\u00e9rn\\u00f6k\",\"\\u00c9p\\u00edt\\u00e9sz Kivitelez\\u00e9si Projektm\\u00e9rn\\u00f6k\",\"Tervez\\u0151m\\u00e9rn\\u00f6k\",\"Szersz\\u00e1mtervez\\u00e9s\",\"Vezet\\u0151 Tervez\\u0151m\\u00e9rn\\u00f6k (Szersz\\u00e1mtervez\\u00e9s)\",\"Medior JAVA Fejleszt\\u0151 (Spring Boot, Microservices)\",\"Transzfer\\u00e1r\",\"Tan\\u00e1csad\\u00f3\",\"Transzfer\\u00e1r Tan\\u00e1csad\\u00f3\",\"Tesztm\\u00e9rn\\u00f6k\",\"EU\",\"DST\",\"Tesztm\\u00e9rn\\u00f6k (EU DST)\",\"Ad\\u00f3generalista\",\"Ad\\u00f3generalista\",\"HR\",\"Kompenz\\u00e1ci\\u00f3s\",\"Szak\\u00e9rt\\u0151\",\"HR Kompenz\\u00e1ci\\u00f3s Szak\\u00e9rt\\u0151\",\"\\u00c1llatorvos\",\"kutat\\u00e1si\",\"\\u00c1llatorvos (kutat\\u00e1si ter\\u00fcletre)\",\"Villamos\",\"Projektvezet\\u0151\",\"Energetika\",\"Villamos Projektvezet\\u0151 (Energetika)\",\"Trade\",\"\\u00e9s\",\"Marketing\",\"Manager\",\"FMCG\",\"Trade \\u00e9s Marketing Manager (FMCG)\",\"Audit\",\"manager\",\"Audit manager\",\"Fels\\u0151vezet\\u0151i\",\"Asszisztens\",\"N\\u00e9met\",\"nyelvtud\\u00e1ssal\",\"Fels\\u0151vezet\\u0151i Asszisztens (N\\u00e9met nyelvtud\\u00e1ssal)\",\"Rendszerszervez\\u0151\",\"IBM\",\"technol\\u00f3gi\\u00e1k\",\"Rendszerszervez\\u0151 (IBM technol\\u00f3gi\\u00e1k)\",\"M\\u00e9rn\\u00f6k\",\"\\u00e9rt\\u00e9kes\\u00edt\\u0151\",\"M\\u00e9rn\\u00f6k \\u00e9rt\\u00e9kes\\u00edt\\u0151\",\"\\u00c9p\\u00fcletg\\u00e9p\\u00e9sz\",\"Fitout\",\"\\u00c9p\\u00fcletg\\u00e9p\\u00e9sz Projektvezet\\u0151 (Fitout)\",\"G\\u00e9p\\u00e9szm\\u00e9rn\\u00f6k\",\"J\\u00e1rm\\u0171m\\u00e9rn\\u00f6k\",\"G\\u00e9p\\u00e9szm\\u00e9rn\\u00f6k \\\/ J\\u00e1rm\\u0171m\\u00e9rn\\u00f6k \\\/ M\\u0171szaki Menedzser\",\"Adminisztr\\u00e1ci\\u00f3s\",\"Adminisztr\\u00e1ci\\u00f3s Asszisztens\",\"Key\",\"Account\",\"Key Account Manager\",\"Boltvezet\\u0151\",\"\\u00c9lelmiszerl\\u00e1nc\",\"Boltvezet\\u0151 (\\u00c9lelmiszerl\\u00e1nc)\",\"Senior\",\"Fullstack\",\"React,\",\"Java,\",\"Senior Fullstack Fejleszt\\u0151 (React, Java, Microservices)\",\"PR\",\"kommunik\\u00e1ci\\u00f3s\",\"projektmenedzser\",\"lak\\u00f3ingatlan\",\"PR \\u00e9s kommunik\\u00e1ci\\u00f3s projektmenedzser (lak\\u00f3ingatlan)\",\"Plant\",\"Controller\",\"Vezet\\u0151 Plant Controller\",\"Java\",\"Mentor\",\"Microservices,\",\"Kubernetes\",\"Senior Java Fejleszt\\u0151 \\\/ Mentor (Microservices, Spring Boot, Kubernetes)\",\"K\\u00f6rnyezetv\\u00e9delmi\",\"Munkat\\u00e1rs\",\"EHS\",\"K\\u00f6rnyezetv\\u00e9delmi Munkat\\u00e1rs (EHS)\",\"Szerviz\",\"\\u00c9rt\\u00e9kes\\u00edt\\u0151\",\"\\u00c9p\\u00fcletg\\u00e9p\\u00e9szet\",\"Szerviz \\u00c9rt\\u00e9kes\\u00edt\\u0151 (\\u00c9p\\u00fcletg\\u00e9p\\u00e9szet)\",\"M\\u0171szaki El\\u0151k\\u00e9sz\\u00edt\\u0151 (\\u00c9p\\u00fcletg\\u00e9p\\u00e9szet)\",\"Investment\",\"Domain\",\"Investment Domain Architect\",\"Product\",\"Owner\",\"banki,\",\"befektet\\u00e9si\",\"Product Owner (banki, befektet\\u00e9si ter\\u00fcletre)\",\"K\\u00e9pes\\u00edtett\",\"Felvon\\u00f3szerel\\u0151\",\"Pest\",\"K\\u00e9pes\\u00edtett Felvon\\u00f3szerel\\u0151 (Pest)\",\"Hajd\\u00fa-Bihar\",\"K\\u00e9pes\\u00edtett Felvon\\u00f3szerel\\u0151 (Hajd\\u00fa-Bihar)\",\"Cabin\",\"Crew\",\"Onboarding\",\"Logistics\",\"Agent\",\"Cabin Crew Onboarding Logistics Agent\",\"Cabin Crew Onboarding Logistics Agent\",\"IT\",\"Talent\",\"Specialist\",\"IT Talent Specialist\",\".NET,\",\"C#\",\"Vezet\\u0151 Fejleszt\\u0151 (.NET, C#)\",\"F\\u00e9mipar\",\"Senior Projekt Menedzser (F\\u00e9mipar)\",\"Interim\",\"Supply\",\"Chain\",\"Demand\",\"Planner\",\"Senior Interim Supply Chain Demand Planner\",\"Senior .NET, C# Fejleszt\\u0151\",\"Machine\",\"Learning\",\"Szoftverm\\u00e9rn\\u00f6k\",\"Sr. Machine Learning Szoftverm\\u00e9rn\\u00f6k\",\"ter\\u00fclet\",\"Rendszerszervez\\u0151 (Banki ter\\u00fclet)\",\"Sz\\u00e1mviteli\",\"Csoportvezet\\u0151\",\"Sz\\u00e1mviteli Csoportvezet\\u0151\",\"Kontroller\",\"Specialista\",\"HR Kontroller \\u00e9s Kompenz\\u00e1ci\\u00f3s Specialista\",\"Hullad\\u00e9kgazd\\u00e1lkod\\u00e1si\",\"Hullad\\u00e9kgazd\\u00e1lkod\\u00e1si Vezet\\u0151\",\"EHS M\\u00e9rn\\u00f6k\",\"\\u00dczemeltet\\u00e9si\",\"M\\u0171szaki \\u00dczemeltet\\u00e9si Vezet\\u0151\",\"Junior\",\"Termel\\u0151\",\"v\\u00e1llalathoz\",\"Junior Kontroller (Termel\\u0151 v\\u00e1llalathoz)\",\"Customer\",\"Experience\",\"Regulatory\",\"Projects\",\"Customer Experience Regulatory Projects Specialist\",\"Customer Experience Regulatory Projects Specialist\",\"\\u00dcgyv\\u00e9d\",\"-\",\"Jogtan\\u00e1csos\",\"\\u00dcgyv\\u00e9d - Jogtan\\u00e1csos\",\"Boot\",\"Senior Java Fejleszt\\u0151 (Microservices, Spring Boot)\",\"K\\u00f6z\\u00fati\",\"Fuvarszervez\\u0151\",\"K\\u00f6z\\u00fati Fuvarszervez\\u0151\",\"Executive\",\"Assistant\",\"Executive Assistant\",\"Executive Assistant\",\"Energetikus\",\"Naper\\u0151m\\u0171vek\",\"Energetikus Projektvezet\\u0151 (Naper\\u0151m\\u0171vek)\"]; <\/script><\/div><div id='larion-jobs-search-second-col' class='col-md-6 p-0 d-flex align-items-center'><div class='row h-100 w-100 m-0'><div class='col-md-7 px-0 d-flex align-items-center'><img decoding=\"async\" class=\"map-pin-image\" alt=\"map-pin\" src=\"https:\/\/novahr.hu\/wp-content\/themes\/larion\/assets\/img\/map-pin.png\" title=\"\"><select id='larion-jobs-search-city-select' class='select2 larion-jobs-search-select w-100' name='jobs-city' placeholder='Location'><option><\/option><option value=bicske >Bicske<\/option><option value=budaors >Buda\u00f6rs<\/option><option value=budapest >Budapest<\/option><option value=budapest-i-kerulet >Budapest I. ker\u00fclet<\/option><option value=budapest-iii-kerulet >Budapest III. ker\u00fclet<\/option><option value=budapest-ix-kerulet >Budapest IX. ker\u00fclet<\/option><option value=budapest-xi-kerulet >Budapest XI. ker\u00fclet<\/option><option value=budapest-xiii-2 >Budapest XIII<\/option><option value=budapest-xiii-kerulet >Budapest XIII. ker\u00fclet<\/option><option value=budapest-ix-kerulet-2 >Budapest, IX. ker\u00fclet<\/option><option value=csomor >Cs\u00f6m\u00f6r<\/option><option value=debrecen >Debrecen<\/option><option value=dunaujvaros >Duna\u00fajv\u00e1ros<\/option><option value=erd >\u00c9rd<\/option><option value=gyor >Gy\u0151r<\/option><option value=kecskemet >Kecskem\u00e9t<\/option><option value=mohacs >Moh\u00e1cs<\/option><option value=pecs >P\u00e9cs<\/option><option value=racalmas >R\u00e1calm\u00e1s<\/option><option value=sopronhorpacs >Sopronhorp\u00e1cs<\/option><option value=szekszard >Szeksz\u00e1rd<\/option><option value=tiszakecske >Tiszak\u00e9cske<\/option><option value=vecses >Vecs\u00e9s<\/option><option value=zalaegerszeg >Zalaegerszeg<\/option><\/select><\/div><div class='col-md-5 d-flex align-items-center p-0'><input type='hidden' id='larion-jobs-search-types' name='jobs-types' value=''><input type='submit' id='larion-jobs-search-button' value='Search'><\/div><\/div><\/div><\/div><\/div><div class='larion-jobs-type-fields'><div class='larion-jobs-search-type-card ' type='muszaki'>Technical<\/div><div class='larion-jobs-search-type-card ' type='it'>IT<\/div><div class='larion-jobs-search-type-card ' type='adminisztracio'>Administration<\/div><div class='larion-jobs-search-type-card ' type='penzugy'>Finance<\/div><div class='larion-jobs-search-type-card ' type='logisztika'>Logistics<\/div><div class='larion-jobs-search-type-card ' type='egyeb'>Other<\/div><\/div><\/form><\/div><\/div>[\/vc_column][\/vc_row][vc_row css=&#8221;.vc_custom_1589214957405{padding-bottom: 50px !important;}&#8221;][vc_column][vc_column_text]<\/p>\n<h2 style=\"text-align: center;\">Job opportunities<\/h2>\n<p>[\/vc_column_text]<div class=\"larion-jobs-list-vc-wrapper px-md-5\"><div id='larion-jobs-list' class='larion-jobs-list' orderby='' order='' posts_per_page='5' paged='1' search='' number_of_posts='63' ><div id='larion-job-card-269670' id-number='269670' class='larion-job-card-wrapper '><div class='card job'><div class='larion-job-card-checkbox'><span class='larion-job-card-check'><span class='d-block d-md-none nova-button-2 nova-button-2-small'>Highlight<\/span><span class='d-none nova-button-1 nova-button-1-small'>Selected<\/span><\/span><\/div><div class='larion-job-card-content'><a target='_blank' href='https:\/\/novahr.hu\/en\/recruitment\/job\/senior-java-fejleszto-microservices-spring-boot\/'>Senior Java Fejleszt\u0151 (Microservices, Spring Boot)<\/a><div class='larion-job-card-location'><span city='budapest-xiii-kerulet'><img decoding=\"async\" class=\"map-pin-image\" alt=\"map-pin\" src=\"https:\/\/novahr.hu\/wp-content\/themes\/larion\/assets\/img\/map-pin.png\" title=\"\">Budapest XIII. ker\u00fclet<\/span><div class='larion-job-card-category-mobile d-flex d-md-none align-items-center'><span type='it'>IT<\/span><\/div><\/div><div class='larion-job-card-excerpt'>Megb\u00edz\u00f3nk egy sz\u00e9les k\u00f6rben ismert bankcsoport. Nagyv\u00e1llalati h\u00e1tter\u0171, dinamikusan n\u00f6vekv\u0151...<\/div><\/div><div class='larion-job-card-category d-none d-md-block'><span type='it'>IT<\/span><\/div><div class='larion-job-card-details d-block d-md-none'><a class='nova-button-1 nova-button-1-small' target='_blank' href='https:\/\/novahr.hu\/en\/recruitment\/job\/senior-java-fejleszto-microservices-spring-boot\/'>Details<\/a><\/div><\/div><\/div><div id='larion-job-card-269669' id-number='269669' class='larion-job-card-wrapper '><div class='card job'><div class='larion-job-card-checkbox'><span class='larion-job-card-check'><span class='d-block d-md-none nova-button-2 nova-button-2-small'>Highlight<\/span><span class='d-none nova-button-1 nova-button-1-small'>Selected<\/span><\/span><\/div><div class='larion-job-card-content'><a target='_blank' href='https:\/\/novahr.hu\/en\/recruitment\/job\/kozuti-fuvarszervezo\/'>K\u00f6z\u00fati Fuvarszervez\u0151<\/a><div class='larion-job-card-location'><span city='gyor'><img decoding=\"async\" class=\"map-pin-image\" alt=\"map-pin\" src=\"https:\/\/novahr.hu\/wp-content\/themes\/larion\/assets\/img\/map-pin.png\" title=\"\">Gy\u0151r<\/span><div class='larion-job-card-category-mobile d-flex d-md-none align-items-center'><span type='logisztika'>Logisztika<\/span><\/div><\/div><div class='larion-job-card-excerpt'>Megb\u00edz\u00f3nk egy magyar tulajdonban l\u00e9v\u0151 sz\u00e1ll\u00edtm\u00e1nyoz\u00f3 c\u00e9g. \n<\/div><\/div><div class='larion-job-card-category d-none d-md-block'><span type='logisztika'>Logistics<\/span><\/div><div class='larion-job-card-details d-block d-md-none'><a class='nova-button-1 nova-button-1-small' target='_blank' href='https:\/\/novahr.hu\/en\/recruitment\/job\/kozuti-fuvarszervezo\/'>Details<\/a><\/div><\/div><\/div><div id='larion-job-card-269667' id-number='269667' class='larion-job-card-wrapper '><div class='card job'><div class='larion-job-card-checkbox'><span class='larion-job-card-check'><span class='d-block d-md-none nova-button-2 nova-button-2-small'>Highlight<\/span><span class='d-none nova-button-1 nova-button-1-small'>Selected<\/span><\/span><\/div><div class='larion-job-card-content'><a target='_blank' href='https:\/\/novahr.hu\/recruitment\/job\/executive-assistant\/'>Executive Assistant<\/a><div class='larion-job-card-location'><span city='budapest'><img decoding=\"async\" class=\"map-pin-image\" alt=\"map-pin\" src=\"https:\/\/novahr.hu\/wp-content\/themes\/larion\/assets\/img\/map-pin.png\" title=\"\">Budapest<\/span><div class='larion-job-card-category-mobile d-flex d-md-none align-items-center'><span type='adminisztracio'>Adminisztr\u00e1ci\u00f3<\/span><\/div><\/div><div class='larion-job-card-excerpt'>Our company is a Hungarian-owned group of companies primarily engaged in IT development and HR consulting.\n<\/div><\/div><div class='larion-job-card-category d-none d-md-block'><span type='adminisztracio'>Administration<\/span><\/div><div class='larion-job-card-details d-block d-md-none'><a class='nova-button-1 nova-button-1-small' target='_blank' href='https:\/\/novahr.hu\/recruitment\/job\/executive-assistant\/'>Details<\/a><\/div><\/div><\/div><div id='larion-job-card-269672' id-number='269672' class='larion-job-card-wrapper '><div class='card job'><div class='larion-job-card-checkbox'><span class='larion-job-card-check'><span class='d-block d-md-none nova-button-2 nova-button-2-small'>Highlight<\/span><span class='d-none nova-button-1 nova-button-1-small'>Selected<\/span><\/span><\/div><div class='larion-job-card-content'><a target='_blank' href='https:\/\/novahr.hu\/recruitment\/job\/customer-experience-regulatory-projects-specialist\/'>Customer Experience Regulatory Projects Specialist<\/a><div class='larion-job-card-location'><span city='budapest-ix-kerulet'><img decoding=\"async\" class=\"map-pin-image\" alt=\"map-pin\" src=\"https:\/\/novahr.hu\/wp-content\/themes\/larion\/assets\/img\/map-pin.png\" title=\"\">Budapest IX. ker\u00fclet<\/span><div class='larion-job-card-category-mobile d-flex d-md-none align-items-center'><span type='adminisztracio'>Adminisztr\u00e1ci\u00f3<\/span><\/div><\/div><div class='larion-job-card-excerpt'>Nova HR is the personnel consulting company of the Nova group. On behalf of our multinational Client in...<\/div><\/div><div class='larion-job-card-category d-none d-md-block'><span type='adminisztracio'>Administration<\/span><\/div><div class='larion-job-card-details d-block d-md-none'><a class='nova-button-1 nova-button-1-small' target='_blank' href='https:\/\/novahr.hu\/recruitment\/job\/customer-experience-regulatory-projects-specialist\/'>Details<\/a><\/div><\/div><\/div><div id='larion-job-card-269674' id-number='269674' class='larion-job-card-wrapper '><div class='card job'><div class='larion-job-card-checkbox'><span class='larion-job-card-check'><span class='d-block d-md-none nova-button-2 nova-button-2-small'>Highlight<\/span><span class='d-none nova-button-1 nova-button-1-small'>Selected<\/span><\/span><\/div><div class='larion-job-card-content'><a target='_blank' href='https:\/\/novahr.hu\/en\/recruitment\/job\/junior-kontroller-termelo-vallalathoz\/'>Junior Kontroller (Termel\u0151 v\u00e1llalathoz)<\/a><div class='larion-job-card-location'><span city='pecs'><img decoding=\"async\" class=\"map-pin-image\" alt=\"map-pin\" src=\"https:\/\/novahr.hu\/wp-content\/themes\/larion\/assets\/img\/map-pin.png\" title=\"\">P\u00e9cs<\/span><div class='larion-job-card-category-mobile d-flex d-md-none align-items-center'><span type='penzugy'>P\u00e9nz\u00fcgy<\/span><\/div><\/div><div class='larion-job-card-excerpt'>Megb\u00edz\u00f3nk egy multinacion\u00e1lis termel\u0151 v\u00e1llalat.\n<\/div><\/div><div class='larion-job-card-category d-none d-md-block'><span type='penzugy'>Finance<\/span><\/div><div class='larion-job-card-details d-block d-md-none'><a class='nova-button-1 nova-button-1-small' target='_blank' href='https:\/\/novahr.hu\/en\/recruitment\/job\/junior-kontroller-termelo-vallalathoz\/'>Details<\/a><\/div><\/div><\/div><div id='larion-jobs-list-new-items'><\/div><\/div><\/div><div class=\"text-center mt-5\"><a href=https:\/\/novahr.hu\/en\/recruitment\/allaslehetosegeink\/ class=\"nova-button-1\">More jobs<\/a><\/div>[\/vc_column][\/vc_row][vc_row full_width=&#8221;stretch_row&#8221; css=&#8221;.vc_custom_1588839740542{padding-top: 50px !important;padding-bottom: 75px !important;background-color: #fafafa !important;}&#8221;][vc_column][vc_column_text]<\/p>\n<h2 style=\"text-align: center;\">Services<\/h2>\n<p>[\/vc_column_text]<div class=\"p-relative vc-carousel owl-carousel owl-theme owl-carousel-regular\"><div class='larion-service-item '><div class='larion-service-image' style='background-image: url(https:\/\/novahr.hu\/wp-content\/uploads\/2020\/05\/Rajzt\u00e1bla-1-m\u00e1solat-2-300x300.png)'><\/div><h4 class='larion-service-name'><a href=https:\/\/novahr.hu\/en\/recruitment\/service\/recruitment\/>Recruitment<\/a><\/h4><p class='larion-service-content'>We provide fast and effective help in recruiting white-collar, intellec-tual and executive jobs in almost all areas<\/p><a class='larion-service-link nova-button-1'  href=https:\/\/novahr.hu\/en\/recruitment\/service\/recruitment\/>Details<\/a><\/div><div class='larion-service-item '><div class='larion-service-image' style='background-image: url(https:\/\/novahr.hu\/wp-content\/uploads\/2020\/05\/Rajzt\u00e1bla-1-m\u00e1solat-5-300x300.png)'><\/div><h4 class='larion-service-name'><a href=https:\/\/novahr.hu\/en\/recruitment\/service\/hr-outsourcing\/>HR outsourcing<\/a><\/h4><p class='larion-service-content'>HR Outsourcing allows companies to focus on growth and their strategic goals while placing human resource management in expert hands.<\/p><a class='larion-service-link nova-button-1'  href=https:\/\/novahr.hu\/en\/recruitment\/service\/hr-outsourcing\/>Details<\/a><\/div><div class='larion-service-item '><div class='larion-service-image' style='background-image: url(https:\/\/novahr.hu\/wp-content\/uploads\/2020\/05\/Rajzt\u00e1bla-1-300x300.png)'><\/div><h4 class='larion-service-name'><a href=https:\/\/novahr.hu\/en\/recruitment\/service\/executive-search\/>Executive search<\/a><\/h4><p class='larion-service-content'>If you need highly qualified executives or professionals with special skills<\/p><a class='larion-service-link nova-button-1'  href=https:\/\/novahr.hu\/en\/recruitment\/service\/executive-search\/>Details<\/a><\/div><div class='larion-service-item '><div class='larion-service-image' style='background-image: url(https:\/\/novahr.hu\/wp-content\/uploads\/2020\/05\/Rajzt\u00e1bla-1-m\u00e1solat-3-300x300.png)'><\/div><h4 class='larion-service-name'><a href=https:\/\/novahr.hu\/en\/recruitment\/service\/academy-organization-development\/>Academy, Organization development<\/a><\/h4><p class='larion-service-content'>We provide up-to-date methods and skills in IT, HR, labour, taxation, finance and soft skills that can be applied in practice right away. <\/p><a class='larion-service-link nova-button-1'  href=https:\/\/novahr.hu\/en\/recruitment\/service\/academy-organization-development\/>Details<\/a><\/div><div class='larion-service-item '><div class='larion-service-image' style='background-image: url(https:\/\/novahr.hu\/wp-content\/uploads\/2020\/05\/Rajzt\u00e1bla-1-m\u00e1solat-4_1-1-300x300.png)'><\/div><h4 class='larion-service-name'><a href=https:\/\/novahr.hu\/en\/recruitment\/service\/wage-transparency\/>Wage transparency consulting<\/a><\/h4><p class='larion-service-content'><\/p><a class='larion-service-link nova-button-1'  href=https:\/\/novahr.hu\/en\/recruitment\/service\/wage-transparency\/>Details<\/a><\/div><div class='larion-service-item '><div class='larion-service-image' style='background-image: url(https:\/\/novahr.hu\/wp-content\/uploads\/2020\/05\/Rajzt\u00e1bla-1-m\u00e1solat-300x300.png)'><\/div><h4 class='larion-service-name'><a href=https:\/\/novahr.hu\/en\/recruitment\/service\/digi-hr\/>Digi HR<\/a><\/h4><p class='larion-service-content'>We use online solutions and automatization to develop the HR processes of organizations<\/p><a class='larion-service-link nova-button-1'  href=https:\/\/novahr.hu\/en\/recruitment\/service\/digi-hr\/>Details<\/a><\/div><\/div>[\/vc_column][\/vc_row]<\/p>\n<\/div>","protected":false},"excerpt":{"rendered":"<p>[vc_row full_width=&#8221;stretch_row&#8221; content_placement=&#8221;middle&#8221; css=&#8221;.vc_custom_1589895522266{padding-top: 12rem !important;padding-bottom: 18rem !important;background-image: url(https:\/\/novahr.hu\/wp-content\/uploads\/2020\/05\/image-7.png?id=29) !important;background-position: center !important;background-repeat: no-repeat !important;background-size: cover !important;}&#8221; el_class=&#8221;padding-y-mobile-5 overflow-enable bg-position-bottom bottom-shadow&#8221;][vc_column][vc_column_text css=&#8221;.vc_custom_1590675955626{margin-left: 20% !important;}&#8221; el_class=&#8221;margin-x-mobile-0&#8243;] We help you find your new job! [\/vc_column_text][\/vc_column][\/vc_row][vc_row css=&#8221;.vc_custom_1589214957405{padding-bottom: 50px !important;}&#8221;][vc_column][vc_column_text] Job opportunities [\/vc_column_text][\/vc_column][\/vc_row][vc_row full_width=&#8221;stretch_row&#8221; css=&#8221;.vc_custom_1588839740542{padding-top: 50px !important;padding-bottom: 75px !important;background-color: #fafafa !important;}&#8221;][vc_column][vc_column_text] Services [\/vc_column_text][\/vc_column][\/vc_row]<\/p>\n","protected":false},"author":3,"featured_media":0,"parent":0,"menu_order":0,"comment_status":"closed","ping_status":"closed","template":"templates\/landing.php","meta":{"footnotes":""},"class_list":["post-560","page","type-page","status-publish","hentry"],"_links":{"self":[{"href":"https:\/\/novahr.hu\/en\/wp-json\/wp\/v2\/pages\/560"}],"collection":[{"href":"https:\/\/novahr.hu\/en\/wp-json\/wp\/v2\/pages"}],"about":[{"href":"https:\/\/novahr.hu\/en\/wp-json\/wp\/v2\/types\/page"}],"author":[{"embeddable":true,"href":"https:\/\/novahr.hu\/en\/wp-json\/wp\/v2\/users\/3"}],"replies":[{"embeddable":true,"href":"https:\/\/novahr.hu\/en\/wp-json\/wp\/v2\/comments?post=560"}],"version-history":[{"count":8,"href":"https:\/\/novahr.hu\/en\/wp-json\/wp\/v2\/pages\/560\/revisions"}],"predecessor-version":[{"id":5822,"href":"https:\/\/novahr.hu\/en\/wp-json\/wp\/v2\/pages\/560\/revisions\/5822"}],"wp:attachment":[{"href":"https:\/\/novahr.hu\/en\/wp-json\/wp\/v2\/media?parent=560"}],"curies":[{"name":"wp","href":"https:\/\/api.w.org\/{rel}","templated":true}]}}