{"id":5566,"date":"2020-10-04T15:54:54","date_gmt":"2020-10-04T13:54:54","guid":{"rendered":"https:\/\/novahr.hu\/fooldal-2\/"},"modified":"2026-03-27T12:20:19","modified_gmt":"2026-03-27T11:20:19","slug":"fooldal-2","status":"publish","type":"page","link":"https:\/\/novahr.hu\/en\/","title":{"rendered":"Main page"},"content":{"rendered":"<div class=\"wpb-content-wrapper\"><p>[vc_row full_width=&#8221;stretch_row&#8221; css=&#8221;.vc_custom_1602587234312{padding-bottom: 60px !important;background-position: center !important;background-repeat: no-repeat !important;background-size: cover !important;}&#8221;][vc_column css=&#8221;.vc_custom_1601821441456{padding-top: 200px !important;padding-bottom: 50px !important;}&#8221;][vc_custom_heading text=&#8221;NOVA&#8221; font_container=&#8221;tag:h1|font_size:70px|text_align:center|color:%23c13952&#8243; use_theme_fonts=&#8221;yes&#8221; css=&#8221;.vc_custom_1603374720766{margin-bottom: 0px !important;}&#8221;]<div class=\"kw_section_header text-center text-mobile-default  \">\r\n\t\t\t\t\t\t[vc_column_text]<h2 class=\"color-default  \" style=\"\">HUMAN RESOURCES<\/h2>[\/vc_column_text]\r\n\t\t\t\t\t\t\r\n\t\t\t\t<\/div>[vc_empty_space height=&#8221;60px&#8221;]<div class=\"larion_service_boxes\">\n\t\t\t\t\t<div class=\"inner_box\"><div class=\"item\">\n\t\t\t\t\t\t\t\t\t\t\t<a class=\"\" href=\"http:\/\/novahr.hu\/en\/recruitment\/\" target=\"\">\n\t\t\t\t\t\t\t\t\t\t\t\t<div class=\"item-overlay\"><\/div>\n\t\t\t\t\t\t\t\t\t\t\t\t<div class=\"item-inner\">\n\t\t\t\t\t\t\t\t\t\t\t\t\t<img loading=\"lazy\" decoding=\"async\" width=\"300\" height=\"300\" src=\"https:\/\/novahr.hu\/wp-content\/uploads\/2020\/05\/Rajzt\u00e1bla-1-m\u00e1solat-2-300x300.png\" class=\"attachment-medium size-medium\" alt=\"Nova recruitment - integet\u0151 alak\" srcset=\"https:\/\/novahr.hu\/wp-content\/uploads\/2020\/05\/Rajzt\u00e1bla-1-m\u00e1solat-2-300x300.png 300w, https:\/\/novahr.hu\/wp-content\/uploads\/2020\/05\/Rajzt\u00e1bla-1-m\u00e1solat-2-100x100.png 100w, https:\/\/novahr.hu\/wp-content\/uploads\/2020\/05\/Rajzt\u00e1bla-1-m\u00e1solat-2-150x150.png 150w, https:\/\/novahr.hu\/wp-content\/uploads\/2020\/05\/Rajzt\u00e1bla-1-m\u00e1solat-2-50x50.png 50w, https:\/\/novahr.hu\/wp-content\/uploads\/2020\/05\/Rajzt\u00e1bla-1-m\u00e1solat-2.png 530w\" sizes=\"(max-width: 300px) 100vw, 300px\" title=\"\">\n\t\t\t\t\t\t\t\t\t\t\t\t\t<h3>Recruitment<\/h3>\n\t\t\t\t\t\t\t\t\t\t\t\t\t<div class=\"more-link text-center\"><span>Details<\/span> <i class=\"fa fa-arrow-right\"><\/i><\/div>\n\t\t\t\t\t\t\t\t\t\t\t\t<\/div>\n\t\t\t\t\t\t\t\t\t\t\t<\/a>\n\t\t\t\t\t\t\t\t\t\t<\/div><div class=\"item\">\n\t\t\t\t\t\t\t\t\t\t\t<a class=\"\" href=\"https:\/\/novahr.hu\/en\/recruitment\/service\/executive-search\/\" target=\"\">\n\t\t\t\t\t\t\t\t\t\t\t\t<div class=\"item-overlay\"><\/div>\n\t\t\t\t\t\t\t\t\t\t\t\t<div class=\"item-inner\">\n\t\t\t\t\t\t\t\t\t\t\t\t\t<img loading=\"lazy\" decoding=\"async\" width=\"300\" height=\"300\" src=\"https:\/\/novahr.hu\/wp-content\/uploads\/2020\/05\/Rajzt\u00e1bla-1-300x300.png\" class=\"attachment-medium size-medium\" alt=\"Fejvad\u00e1sz specialista keres\u00e9s\" srcset=\"https:\/\/novahr.hu\/wp-content\/uploads\/2020\/05\/Rajzt\u00e1bla-1-300x300.png 300w, https:\/\/novahr.hu\/wp-content\/uploads\/2020\/05\/Rajzt\u00e1bla-1-100x100.png 100w, https:\/\/novahr.hu\/wp-content\/uploads\/2020\/05\/Rajzt\u00e1bla-1-150x150.png 150w, https:\/\/novahr.hu\/wp-content\/uploads\/2020\/05\/Rajzt\u00e1bla-1-50x50.png 50w, https:\/\/novahr.hu\/wp-content\/uploads\/2020\/05\/Rajzt\u00e1bla-1.png 530w\" sizes=\"(max-width: 300px) 100vw, 300px\" title=\"\">\n\t\t\t\t\t\t\t\t\t\t\t\t\t<h3>Executive search<\/h3>\n\t\t\t\t\t\t\t\t\t\t\t\t\t<div class=\"more-link text-center\"><span>Details<\/span> <i class=\"fa fa-arrow-right\"><\/i><\/div>\n\t\t\t\t\t\t\t\t\t\t\t\t<\/div>\n\t\t\t\t\t\t\t\t\t\t\t<\/a>\n\t\t\t\t\t\t\t\t\t\t<\/div><div class=\"item\">\n\t\t\t\t\t\t\t\t\t\t\t<a class=\"\" href=\"https:\/\/novahr.hu\/en\/hr-outsourcing\/\" target=\"\">\n\t\t\t\t\t\t\t\t\t\t\t\t<div class=\"item-overlay\"><\/div>\n\t\t\t\t\t\t\t\t\t\t\t\t<div class=\"item-inner\">\n\t\t\t\t\t\t\t\t\t\t\t\t\t<img loading=\"lazy\" decoding=\"async\" width=\"300\" height=\"300\" src=\"https:\/\/novahr.hu\/wp-content\/uploads\/2020\/05\/Rajzt\u00e1bla-1-m\u00e1solat-5-300x300.png\" class=\"attachment-medium size-medium\" alt=\"Munkaer\u0151 k\u00f6zvet\u00edt\u00e9s - galaxis\" srcset=\"https:\/\/novahr.hu\/wp-content\/uploads\/2020\/05\/Rajzt\u00e1bla-1-m\u00e1solat-5-300x300.png 300w, https:\/\/novahr.hu\/wp-content\/uploads\/2020\/05\/Rajzt\u00e1bla-1-m\u00e1solat-5-100x100.png 100w, https:\/\/novahr.hu\/wp-content\/uploads\/2020\/05\/Rajzt\u00e1bla-1-m\u00e1solat-5-150x150.png 150w, https:\/\/novahr.hu\/wp-content\/uploads\/2020\/05\/Rajzt\u00e1bla-1-m\u00e1solat-5-50x50.png 50w, https:\/\/novahr.hu\/wp-content\/uploads\/2020\/05\/Rajzt\u00e1bla-1-m\u00e1solat-5.png 530w\" sizes=\"(max-width: 300px) 100vw, 300px\" title=\"\">\n\t\t\t\t\t\t\t\t\t\t\t\t\t<h3>HR outsourcing<\/h3>\n\t\t\t\t\t\t\t\t\t\t\t\t\t<div class=\"more-link text-center\"><span>Details<\/span> <i class=\"fa fa-arrow-right\"><\/i><\/div>\n\t\t\t\t\t\t\t\t\t\t\t\t<\/div>\n\t\t\t\t\t\t\t\t\t\t\t<\/a>\n\t\t\t\t\t\t\t\t\t\t<\/div><div class=\"item\">\n\t\t\t\t\t\t\t\t\t\t\t<a class=\"\" href=\"http:\/\/novahr.hu\/en\/akademia\/\" target=\"\">\n\t\t\t\t\t\t\t\t\t\t\t\t<div class=\"item-overlay\"><\/div>\n\t\t\t\t\t\t\t\t\t\t\t\t<div class=\"item-inner\">\n\t\t\t\t\t\t\t\t\t\t\t\t\t<img loading=\"lazy\" decoding=\"async\" width=\"300\" height=\"300\" src=\"https:\/\/novahr.hu\/wp-content\/uploads\/2020\/05\/Rajzt\u00e1bla-1-m\u00e1solat-3-300x300.png\" class=\"attachment-medium size-medium\" alt=\"Szervezetfejleszt\u00e9s k\u00e9pz\u00e9s bemutat\u00e1sa\" srcset=\"https:\/\/novahr.hu\/wp-content\/uploads\/2020\/05\/Rajzt\u00e1bla-1-m\u00e1solat-3-300x300.png 300w, https:\/\/novahr.hu\/wp-content\/uploads\/2020\/05\/Rajzt\u00e1bla-1-m\u00e1solat-3-100x100.png 100w, https:\/\/novahr.hu\/wp-content\/uploads\/2020\/05\/Rajzt\u00e1bla-1-m\u00e1solat-3-150x150.png 150w, https:\/\/novahr.hu\/wp-content\/uploads\/2020\/05\/Rajzt\u00e1bla-1-m\u00e1solat-3-50x50.png 50w, https:\/\/novahr.hu\/wp-content\/uploads\/2020\/05\/Rajzt\u00e1bla-1-m\u00e1solat-3.png 530w\" sizes=\"(max-width: 300px) 100vw, 300px\" title=\"\">\n\t\t\t\t\t\t\t\t\t\t\t\t\t<h3>Academy and Organization Development<\/h3>\n\t\t\t\t\t\t\t\t\t\t\t\t\t<div class=\"more-link text-center\"><span>Details<\/span> <i class=\"fa fa-arrow-right\"><\/i><\/div>\n\t\t\t\t\t\t\t\t\t\t\t\t<\/div>\n\t\t\t\t\t\t\t\t\t\t\t<\/a>\n\t\t\t\t\t\t\t\t\t\t<\/div><div class=\"item\">\n\t\t\t\t\t\t\t\t\t\t\t<a class=\"\" href=\"http:\/\/novahr.hu\/en\/digi-hr\/\" target=\"\">\n\t\t\t\t\t\t\t\t\t\t\t\t<div class=\"item-overlay\"><\/div>\n\t\t\t\t\t\t\t\t\t\t\t\t<div class=\"item-inner\">\n\t\t\t\t\t\t\t\t\t\t\t\t\t<img loading=\"lazy\" decoding=\"async\" width=\"300\" height=\"300\" src=\"https:\/\/novahr.hu\/wp-content\/uploads\/2020\/05\/Rajzt\u00e1bla-1-m\u00e1solat-300x300.png\" class=\"attachment-medium size-medium\" alt=\"Digit\u00e1lis t\u00e1bla - HR k\u00e9pz\u00e9sek\" srcset=\"https:\/\/novahr.hu\/wp-content\/uploads\/2020\/05\/Rajzt\u00e1bla-1-m\u00e1solat-300x300.png 300w, https:\/\/novahr.hu\/wp-content\/uploads\/2020\/05\/Rajzt\u00e1bla-1-m\u00e1solat-100x100.png 100w, https:\/\/novahr.hu\/wp-content\/uploads\/2020\/05\/Rajzt\u00e1bla-1-m\u00e1solat-150x150.png 150w, https:\/\/novahr.hu\/wp-content\/uploads\/2020\/05\/Rajzt\u00e1bla-1-m\u00e1solat-50x50.png 50w, https:\/\/novahr.hu\/wp-content\/uploads\/2020\/05\/Rajzt\u00e1bla-1-m\u00e1solat.png 530w\" sizes=\"(max-width: 300px) 100vw, 300px\" title=\"\">\n\t\t\t\t\t\t\t\t\t\t\t\t\t<h3>Digital and transformation services<\/h3>\n\t\t\t\t\t\t\t\t\t\t\t\t\t<div class=\"more-link text-center\"><span>Details<\/span> <i class=\"fa fa-arrow-right\"><\/i><\/div>\n\t\t\t\t\t\t\t\t\t\t\t\t<\/div>\n\t\t\t\t\t\t\t\t\t\t\t<\/a>\n\t\t\t\t\t\t\t\t\t\t<\/div><div class=\"item\">\n\t\t\t\t\t\t\t\t\t\t\t<a class=\"\" href=\"https:\/\/novahr.hu\/en\/recruitment\/service\/labour-consultancy\/\" target=\"\">\n\t\t\t\t\t\t\t\t\t\t\t\t<div class=\"item-overlay\"><\/div>\n\t\t\t\t\t\t\t\t\t\t\t\t<div class=\"item-inner\">\n\t\t\t\t\t\t\t\t\t\t\t\t\t<img loading=\"lazy\" decoding=\"async\" width=\"300\" height=\"300\" src=\"https:\/\/novahr.hu\/wp-content\/uploads\/2020\/05\/Rajzt\u00e1bla-1-m\u00e1solat-4_1-1-300x300.png\" class=\"attachment-medium size-medium\" alt=\"Adatv\u00e9delmi k\u00e9pz\u00e9sek - t\u00e1vcs\u0151\" srcset=\"https:\/\/novahr.hu\/wp-content\/uploads\/2020\/05\/Rajzt\u00e1bla-1-m\u00e1solat-4_1-1-300x300.png 300w, https:\/\/novahr.hu\/wp-content\/uploads\/2020\/05\/Rajzt\u00e1bla-1-m\u00e1solat-4_1-1-100x100.png 100w, https:\/\/novahr.hu\/wp-content\/uploads\/2020\/05\/Rajzt\u00e1bla-1-m\u00e1solat-4_1-1-150x150.png 150w, https:\/\/novahr.hu\/wp-content\/uploads\/2020\/05\/Rajzt\u00e1bla-1-m\u00e1solat-4_1-1-50x50.png 50w, https:\/\/novahr.hu\/wp-content\/uploads\/2020\/05\/Rajzt\u00e1bla-1-m\u00e1solat-4_1-1.png 530w\" sizes=\"(max-width: 300px) 100vw, 300px\" title=\"\">\n\t\t\t\t\t\t\t\t\t\t\t\t\t<h3>Wage transparency consultancy<\/h3>\n\t\t\t\t\t\t\t\t\t\t\t\t\t<div class=\"more-link text-center\"><span>Details<\/span> <i class=\"fa fa-arrow-right\"><\/i><\/div>\n\t\t\t\t\t\t\t\t\t\t\t\t<\/div>\n\t\t\t\t\t\t\t\t\t\t\t<\/a>\n\t\t\t\t\t\t\t\t\t\t<\/div><\/div>\n\t\t\t<\/div><div class=\"larion-background\" \r\n\t\t\t\t\t\tdata-bg=\"background-size:cover;background-position:center;background-repeat:no-repeat;\"\r\n\t\t\t\t\t\tdata-overlay=\"\"\r\n\t\t\t\t\t\tdata-image=\"https:\/\/novahr.hu\/wp-content\/uploads\/2020\/10\/image-14.jpg\"\r\n\t\t\t\t\t\tdata-mobile-image=\"https:\/\/novahr.hu\/wp-content\/uploads\/2020\/10\/image-14.jpg\"\r\n\t\t\t\t\t\t\r\n\t\t\t\t>\r\n\t\t\t\t<\/div>[\/vc_column][\/vc_row][vc_row full_width=&#8221;stretch_row&#8221; css=&#8221;.vc_custom_1605033055498{padding-top: 75px !important;background-color: #fafafa !important;}&#8221; el_id=&#8221;about-us&#8221;][vc_column css=&#8221;.vc_custom_1588762856013{border-top-width: 1px !important;border-right-width: 1px !important;border-bottom-width: 1px !important;border-left-width: 1px !important;padding-top: 50px !important;padding-right: 50px !important;padding-bottom: 50px !important;padding-left: 50px !important;background-color: #ffffff !important;border-left-color: #dddddd !important;border-left-style: solid !important;border-right-color: #dddddd !important;border-right-style: solid !important;border-top-color: #dddddd !important;border-top-style: solid !important;border-bottom-color: #dddddd !important;border-bottom-style: solid !important;}&#8221;][vc_column_text css=&#8221;&#8221;]<\/p>\n<h4>Nova group<\/h4>\n<p>Our company group consists of three companies.<\/p>\n<p><b><a href=\"https:\/\/en.novaservices.hu\/#home\" target=\"_blank\" rel=\"noopener\">Nova Services Plc.<\/a>\u00a0<\/b>is an innovative IT solution provider company committed to new technologies and new IT trends. Our portfolio mostly contains full-stack developments, portal developments, and application integration\u00a0projects.<\/p>\n<p><b><a href=\"http:\/\/www.barre.hu\/\" target=\"_blank\" rel=\"noopener\">Barr\u00e9 Technologies Plc.<\/a><\/b>\u00a0is a software development and solution provider company specializing in enterprise solutions, which mainly deals with enterprise content management and enterprise data asset management.<\/p>\n<p><strong>Nova Human Resources Ltd.<\/strong> is a personnel consulting company operating on the basis of international standards.<\/p>\n<p>Our services include recruitment, temporary staffing, executive search, digital HR, data protection and employment consulting. In addition, within the framework of Nova Academy, we provide training and organizational development services to our clients.<\/p>\n<p>The managers and employees of our company have several decades of experience in the field of HR, we can boast of many satisfied customers both in Budapest and the countryside.<\/p>\n<ul>\n<li>Within the scope of our <strong>Recruitment <\/strong>service, we primarily help our clients fill white-collar jobs with fast and efficient methods. Our employees are experienced professionals in both recruitment, selection and candidate management.<\/li>\n<li>Our <strong>Executive search<\/strong> service is carried out by the managers of our company: we recommend it in case of senior managers, top managers and hard-to-reach specialists, with utmost discretion.<\/li>\n<li>When it is valuable to outsource not only the tasks and responsibilities of labor and HR administration, but also recruitment and selection, as well as process development and HR strategy development. <strong>HR Outsourcing<\/strong> allows companies to focus on growth and their strategic goals, while placing human resource management in expert hands.<\/li>\n<li>Our <strong>digital HR, data protection and labour consultants<\/strong> are the best specialists in the country, who are readily available, whether it is about organizational diagnostics, process planning or setting up a new digital HR structure. A data protection audit entails us mapping data management and uncovering any deficiencies. Labour consultancy entails us determining the critical points of the labour operation, evaluating the risks and providing company-tailored solutions to any problems.<\/li>\n<li>Our <strong>Nova Academy<\/strong> team provides training, coaching and organizational development services to our clients. We organize open and corporate training courses in Hungarian or English, primarily in the fields of HR, labour, payroll, soft skills and IT.<\/li>\n<\/ul>\n<p>[\/vc_column_text][\/vc_column][\/vc_row][vc_row full_width=&#8221;stretch_row&#8221; equal_height=&#8221;yes&#8221; content_placement=&#8221;middle&#8221; disable_element=&#8221;yes&#8221; css=&#8221;.vc_custom_1614878247958{padding-top: 40px !important;}&#8221;][vc_column width=&#8221;2\/3&#8243;]<div class=\"kw_section_header text-left text-mobile-default  \">\r\n\t\t\t\t\t\t[vc_column_text]<div class=\"color-default\" style=\"\">Iratkozzon fel h\u00edrlevel\u00fcnkre, t\u00e1j\u00e9koz\u00f3djon aktu\u00e1lis k\u00e9pz\u00e9seinkr\u0151l.<\/div>[\/vc_column_text]\r\n\t\t\t\t\t\t\r\n\t\t\t\t<\/div>[\/vc_column][vc_column width=&#8221;1\/3&#8243;][vc_btn title=&#8221;H\u00edrlev\u00e9l feliratkoz\u00e1s&#8221; style=&#8221;custom&#8221; custom_background=&#8221;#c13952&#8243; custom_text=&#8221;#ffffff&#8221; align=&#8221;center&#8221; i_icon_fontawesome=&#8221;fa fa-envelope&#8221; add_icon=&#8221;true&#8221; link=&#8221;url:%23masmedia-popup-5242|||&#8221;][\/vc_column][\/vc_row][vc_row full_width=&#8221;stretch_row&#8221; gap=&#8221;35&#8243; equal_height=&#8221;yes&#8221; content_placement=&#8221;middle&#8221; css=&#8221;.vc_custom_1605033066931{margin-top: 80px !important;padding-bottom: 180px !important;background-color: #ffffff !important;}&#8221; el_id=&#8221;contact-us&#8221;][vc_column width=&#8221;1\/2&#8243;][vc_custom_heading text=&#8221;Contact&#8221; font_container=&#8221;tag:h2|text_align:left|color:%23c03853&#8243; use_theme_fonts=&#8221;yes&#8221; css=&#8221;.vc_custom_1615547068500{margin-bottom: 40px !important;}&#8221;][vc_custom_heading text=&#8221;Recruitment&#8221; font_container=&#8221;tag:h4|text_align:left&#8221; use_theme_fonts=&#8221;yes&#8221; css=&#8221;.vc_custom_1589295821914{margin-bottom: 15px !important;}&#8221;][vc_column_text css=&#8221;.vc_custom_1675073808975{margin-bottom: 15px !important;}&#8221; el_class=&#8221;contact-page-item&#8221;]<a href=\"#masmedia-popup-5264\"><i class=\"fas fa-envelope\"><\/i> recruitment@novahr.hu<\/a>[\/vc_column_text][vc_separator color=&#8221;custom&#8221; css=&#8221;.vc_custom_1589295835534{margin-bottom: 15px !important;}&#8221; accent_color=&#8221;#e0e0e0&#8243;][vc_separator color=&#8221;custom&#8221; css=&#8221;.vc_custom_1589295835534{margin-bottom: 15px !important;}&#8221; accent_color=&#8221;#e0e0e0&#8243;][vc_custom_heading text=&#8221;Academy&#8221; font_container=&#8221;tag:h4|text_align:left&#8221; use_theme_fonts=&#8221;yes&#8221; css=&#8221;.vc_custom_1675073827831{margin-bottom: 15px !important;}&#8221;][vc_column_text css=&#8221;.vc_custom_1675073820695{margin-bottom: 15px !important;}&#8221; el_class=&#8221;contact-page-item&#8221;]<a href=\"#masmedia-popup-5264\"><i class=\"fas fa-envelope\"><\/i> akademia@novahr.hu<\/a>[\/vc_column_text][vc_separator color=&#8221;custom&#8221; css=&#8221;.vc_custom_1589295854203{margin-bottom: 15px !important;}&#8221; accent_color=&#8221;#e0e0e0&#8243;][vc_custom_heading text=&#8221;Consultancy&#8221; font_container=&#8221;tag:h4|text_align:left&#8221; use_theme_fonts=&#8221;yes&#8221; css=&#8221;.vc_custom_1615556206609{margin-bottom: 15px !important;}&#8221;][vc_column_text css=&#8221;.vc_custom_1675073835906{margin-bottom: 15px !important;}&#8221; el_class=&#8221;contact-page-item&#8221;]<a href=\"#masmedia-popup-5264\"><i class=\"fas fa-envelope\"><\/i> tanacsadas@novahr.hu<\/a>[\/vc_column_text][vc_separator color=&#8221;custom&#8221; css=&#8221;.vc_custom_1589295877398{margin-bottom: 15px !important;}&#8221; accent_color=&#8221;#e0e0e0&#8243;][vc_custom_heading text=&#8221;Digital and transformation services&#8221; font_container=&#8221;tag:h4|text_align:left&#8221; use_theme_fonts=&#8221;yes&#8221; css=&#8221;.vc_custom_1733391279835{margin-bottom: 15px !important;}&#8221;][vc_column_text css=&#8221;.vc_custom_1733391306920{margin-bottom: 15px !important;}&#8221; el_class=&#8221;contact-page-item&#8221;]<a href=\"#masmedia-popup-5264\">info@novahr.hu<\/a>[\/vc_column_text][\/vc_column][vc_column width=&#8221;1\/2&#8243; el_class=&#8221;full-height-map&#8221;][vc_gmaps link=&#8221;#E-8_JTNDaWZyYW1lJTIwc3JjJTNEJTIyaHR0cHMlM0ElMkYlMkZ3d3cuZ29vZ2xlLmNvbSUyRm1hcHMlMkZlbWJlZCUzRnBiJTNEJTIxMW0xOCUyMTFtMTIlMjExbTMlMjExZDI2OTYuNzg5MTExNzIzNTE4NSUyMTJkMTkuMDY4NTU4MzE1MTg1Mzg1JTIxM2Q0Ny40NzQ1Mzg4NzkxNzYxNCUyMTJtMyUyMTFmMCUyMTJmMCUyMTNmMCUyMTNtMiUyMTFpMTAyNCUyMTJpNzY4JTIxNGYxMy4xJTIxM20zJTIxMW0yJTIxMXMweDQ3NDFkZDAxZjEwYjFjY2YlMjUzQTB4ODFkOGRiNWJhNjc3NTNiNiUyMTJzQnVkYXBlc3QlMjUyQyUyNTIwU29yb2tzJTI1QzMlMjVBMXJpJTI1MjAlMjVDMyUyNUJBdCUyNTIwMzAtMzQlMjUyQyUyNTIwMTA5NSUyMTVlMCUyMTNtMiUyMTFzaHUlMjEyc2h1JTIxNHYxNTg5Mjk2NjM3MDc1JTIxNW0yJTIxMXNodSUyMTJzaHUlMjIlMjB3aWR0aCUzRCUyMjYwMCUyMiUyMGhlaWdodCUzRCUyMjQ1MCUyMiUyMGZyYW1lYm9yZGVyJTNEJTIyMCUyMiUyMHN0eWxlJTNEJTIyYm9yZGVyJTNBMCUzQiUyMiUyMGFsbG93ZnVsbHNjcmVlbiUzRCUyMiUyMiUyMGFyaWEtaGlkZGVuJTNEJTIyZmFsc2UlMjIlMjB0YWJpbmRleCUzRCUyMjAlMjIlM0UlM0MlMkZpZnJhbWUlM0U=&#8221;][\/vc_column][\/vc_row][vc_row][vc_column][vc_column_text]<\/p>\n<p>[\/vc_column_text][\/vc_column][\/vc_row]<\/p>\n<\/div>","protected":false},"excerpt":{"rendered":"<p>[vc_row full_width=&#8221;stretch_row&#8221; css=&#8221;.vc_custom_1602587234312{padding-bottom: 60px !important;background-position: center !important;background-repeat: no-repeat !important;background-size: cover !important;}&#8221;][vc_column css=&#8221;.vc_custom_1601821441456{padding-top: 200px !important;padding-bottom: 50px !important;}&#8221;][vc_custom_heading text=&#8221;NOVA&#8221; font_container=&#8221;tag:h1|font_size:70px|text_align:center|color:%23c13952&#8243; use_theme_fonts=&#8221;yes&#8221; css=&#8221;.vc_custom_1603374720766{margin-bottom: 0px !important;}&#8221;][vc_empty_space height=&#8221;60px&#8221;][\/vc_column][\/vc_row][vc_row full_width=&#8221;stretch_row&#8221; css=&#8221;.vc_custom_1605033055498{padding-top: 75px !important;background-color: #fafafa !important;}&#8221; el_id=&#8221;about-us&#8221;][vc_column css=&#8221;.vc_custom_1588762856013{border-top-width: 1px !important;border-right-width: 1px !important;border-bottom-width: 1px !important;border-left-width: 1px !important;padding-top: 50px !important;padding-right: 50px !important;padding-bottom: 50px !important;padding-left: 50px !important;background-color: #ffffff !important;border-left-color: #dddddd !important;border-left-style: solid !important;border-right-color: #dddddd !important;border-right-style: [&hellip;]<\/p>\n","protected":false},"author":3,"featured_media":0,"parent":0,"menu_order":0,"comment_status":"closed","ping_status":"closed","template":"","meta":{"footnotes":""},"class_list":["post-5566","page","type-page","status-publish","hentry"],"_links":{"self":[{"href":"https:\/\/novahr.hu\/en\/wp-json\/wp\/v2\/pages\/5566"}],"collection":[{"href":"https:\/\/novahr.hu\/en\/wp-json\/wp\/v2\/pages"}],"about":[{"href":"https:\/\/novahr.hu\/en\/wp-json\/wp\/v2\/types\/page"}],"author":[{"embeddable":true,"href":"https:\/\/novahr.hu\/en\/wp-json\/wp\/v2\/users\/3"}],"replies":[{"embeddable":true,"href":"https:\/\/novahr.hu\/en\/wp-json\/wp\/v2\/comments?post=5566"}],"version-history":[{"count":35,"href":"https:\/\/novahr.hu\/en\/wp-json\/wp\/v2\/pages\/5566\/revisions"}],"predecessor-version":[{"id":133632,"href":"https:\/\/novahr.hu\/en\/wp-json\/wp\/v2\/pages\/5566\/revisions\/133632"}],"wp:attachment":[{"href":"https:\/\/novahr.hu\/en\/wp-json\/wp\/v2\/media?parent=5566"}],"curies":[{"name":"wp","href":"https:\/\/api.w.org\/{rel}","templated":true}]}}