{"id":5062,"date":"2021-02-24T11:56:09","date_gmt":"2021-02-24T10:56:09","guid":{"rendered":"https:\/\/novahr.hu\/?page_id=5062"},"modified":"2022-12-19T10:15:38","modified_gmt":"2022-12-19T09:15:38","slug":"academy-and-organization-development","status":"publish","type":"page","link":"https:\/\/novahr.hu\/en\/academy-and-organization-development\/","title":{"rendered":"Academy and Organization Development"},"content":{"rendered":"<div class=\"wpb-content-wrapper\"><p>[vc_row full_width=&#8221;stretch_row&#8221; css=&#8221;.vc_custom_1612901469796{margin-bottom: 100px !important;padding-top: 250px !important;}&#8221; el_class=&#8221;background-cover-on-mobile&#8221;][vc_column]<div class=\"kw_section_header text-center text-mobile-default  \">\r\n\t\t\t\t\t\t[vc_column_text]<h1 class=\"  \" style=\"color:#ffffff;\">Akad\u00e9mia,\nszervezetfejleszt\u00e9s<\/h1>[\/vc_column_text]\r\n\t\t\t\t\t\t\r\n\t\t\t\t<\/div>[vc_column_text el_class=&#8221;.istok-web-italic&#8221; css=&#8221;.vc_custom_1603984321780{margin-bottom: 100px !important;}&#8221;]<\/p>\n<h2 class=\" \" style=\"text-align: center;\"><span style=\"color: #ffffff;\">A sikeres fejl\u0151d\u00e9s partnerei vagyunk<\/span><\/h2>\n<p>[\/vc_column_text]<div class=\"larion_service_boxes_with_list column-3\">\n\t\t\t\t\t<div class=\"inner_box\"><div class=\"item\"><a href=\"https:\/\/novahr.hu\/en\/akademia\/training\/adatvedelmi-munkaugyi-es-tb-kepzesek\/\">\n\t\t\t\t\t\t\t\t\t\t\t\t<div class=\"item-overlay\"><\/div>\n\t\t\t\t\t\t\t\t\t\t\t\t<div class=\"item-inner\">\n\t\t\t\t\t\t\t\t\t\t\t\t\t<h3>Data protection, labour, social security trainings<\/h3>\n\t\t\t\t\t\t\t\t\t\t\t\t\t<ul><li>Data protection trainings<\/li><li>Labour trainings<\/li><li>Social security trainings<\/li><\/ul>\n\t\t\t\t\t\t\t\t\t\t\t\t<\/div>\n\t\t\t\t\t\t\t\t\t\t\t\t<div class=\"more-link text-center\"><span>Details<\/span> <i class=\"fa fa-arrow-right\"><\/i><\/div>\n\t\t\t\t\t\t\t\t\t\t\t<\/a><\/div><div class=\"item\"><a href=\"https:\/\/novahr.hu\/en\/akademia\/training\/ado-es-penzugyi-kepzesek\/\">\n\t\t\t\t\t\t\t\t\t\t\t\t<div class=\"item-overlay\"><\/div>\n\t\t\t\t\t\t\t\t\t\t\t\t<div class=\"item-inner\">\n\t\t\t\t\t\t\t\t\t\t\t\t\t<h3>Taxation and financial trainings<\/h3>\n\t\t\t\t\t\t\t\t\t\t\t\t\t\n\t\t\t\t\t\t\t\t\t\t\t\t<\/div>\n\t\t\t\t\t\t\t\t\t\t\t\t<div class=\"more-link text-center\"><span>Details<\/span> <i class=\"fa fa-arrow-right\"><\/i><\/div>\n\t\t\t\t\t\t\t\t\t\t\t<\/a><\/div><div class=\"item\"><a href=\"https:\/\/novahr.hu\/en\/akademia\/training\/it-kepzesek\/\">\n\t\t\t\t\t\t\t\t\t\t\t\t<div class=\"item-overlay\"><\/div>\n\t\t\t\t\t\t\t\t\t\t\t\t<div class=\"item-inner\">\n\t\t\t\t\t\t\t\t\t\t\t\t\t<h3>IT, Agile and Lean trainings<\/h3>\n\t\t\t\t\t\t\t\t\t\t\t\t\t<ul><li>IT Academy<\/li><li>IT-education consulting<\/li><li>Possibility for carrier-switchers<\/li><li>IT education consulting<\/li><\/ul>\n\t\t\t\t\t\t\t\t\t\t\t\t<\/div>\n\t\t\t\t\t\t\t\t\t\t\t\t<div class=\"more-link text-center\"><span>Details<\/span> <i class=\"fa fa-arrow-right\"><\/i><\/div>\n\t\t\t\t\t\t\t\t\t\t\t<\/a><\/div><div class=\"item\"><a href=\"https:\/\/novahr.hu\/en\/akademia\/training\/soft-skill-kepzesek\/\">\n\t\t\t\t\t\t\t\t\t\t\t\t<div class=\"item-overlay\"><\/div>\n\t\t\t\t\t\t\t\t\t\t\t\t<div class=\"item-inner\">\n\t\t\t\t\t\t\t\t\t\t\t\t\t<h3>Soft skill trainings<\/h3>\n\t\t\t\t\t\t\t\t\t\t\t\t\t<ul><li>For IT and project leaders<\/li><\/ul>\n\t\t\t\t\t\t\t\t\t\t\t\t<\/div>\n\t\t\t\t\t\t\t\t\t\t\t\t<div class=\"more-link text-center\"><span>Details<\/span> <i class=\"fa fa-arrow-right\"><\/i><\/div>\n\t\t\t\t\t\t\t\t\t\t\t<\/a><\/div><div class=\"item\"><a href=\"https:\/\/novahr.hu\/en\/akademia\/training\/szervezetfejlesztes\/\">\n\t\t\t\t\t\t\t\t\t\t\t\t<div class=\"item-overlay\"><\/div>\n\t\t\t\t\t\t\t\t\t\t\t\t<div class=\"item-inner\">\n\t\t\t\t\t\t\t\t\t\t\t\t\t<h3>Organization Development<\/h3>\n\t\t\t\t\t\t\t\t\t\t\t\t\t<ul><li>Organization Diagnostics<\/li><li>Development<\/li><\/ul>\n\t\t\t\t\t\t\t\t\t\t\t\t<\/div>\n\t\t\t\t\t\t\t\t\t\t\t\t<div class=\"more-link text-center\"><span>Details<\/span> <i class=\"fa fa-arrow-right\"><\/i><\/div>\n\t\t\t\t\t\t\t\t\t\t\t<\/a><\/div><div class=\"item\"><a href=\"https:\/\/novahr.hu\/en\/akademia\/training\/hr-tanacsadas\/\">\n\t\t\t\t\t\t\t\t\t\t\t\t<div class=\"item-overlay\"><\/div>\n\t\t\t\t\t\t\t\t\t\t\t\t<div class=\"item-inner\">\n\t\t\t\t\t\t\t\t\t\t\t\t\t<h3>HR advisory<\/h3>\n\t\t\t\t\t\t\t\t\t\t\t\t\t<ul><li>Labour market salary guide, other benchmarks, studies<\/li><li>Job risk analysis, competency matrix, creating BCM, BCP<\/li><li>Organizing and transacting AC, DC<\/li><\/ul>\n\t\t\t\t\t\t\t\t\t\t\t\t<\/div>\n\t\t\t\t\t\t\t\t\t\t\t\t<div class=\"more-link text-center\"><span>Details<\/span> <i class=\"fa fa-arrow-right\"><\/i><\/div>\n\t\t\t\t\t\t\t\t\t\t\t<\/a><\/div><\/div>\n\t\t\t<\/div><div class=\"larion-background\" \r\n\t\t\t\t\t\tdata-bg=\"background-size:100% auto;background-position:top;background-repeat:no-repeat;\"\r\n\t\t\t\t\t\tdata-overlay=\"\"\r\n\t\t\t\t\t\tdata-image=\"https:\/\/novahr.hu\/wp-content\/uploads\/2021\/02\/b8202343409f1c5c5a7e61ceb60f443e-1.png\"\r\n\t\t\t\t\t\tdata-mobile-image=\"https:\/\/novahr.hu\/wp-content\/uploads\/2021\/02\/b8202343409f1c5c5a7e61ceb60f443e-1.png\"\r\n\t\t\t\t\t\t\r\n\t\t\t\t>\r\n\t\t\t\t<\/div>[vc_single_image image=&#8221;4509&#8243; img_size=&#8221;268&#215;330&#8243; el_class=&#8221;academy-header-image&#8221;][\/vc_column][\/vc_row][vc_row gap=&#8221;30&#8243; full_height=&#8221;yes&#8221; css=&#8221;.vc_custom_1613993466582{margin-bottom: 60px !important;}&#8221;][vc_column width=&#8221;1\/2&#8243;]<div class=\"kw_section_header text-left text-mobile-default  \">\r\n\t\t\t\t\t\t[vc_column_text]<h2 class=\"color-default  \" style=\"\">A sikeres fejl\u0151d\u00e9s partnerei vagyunk<\/h2><div class=\"color-default\" style=\"\"><\/p>\n<p style=\"text-align: justify;\">K\u00e9pz\u00e9seink sor\u00e1n naprak\u00e9sz, a gyakorlatban azonnal alkalmazhat\u00f3 m\u00f3dszereket \u00e9s tud\u00e1st adunk. V\u00e1llalati kompetenciafejleszt\u00e9s\u00fcnk sz\u00e9lesk\u00f6r\u0171 \u00e9s j\u00f3l fel\u00e9p\u00edtett: az egy\u00e9ni \u00e9s csoportos kompetenciaszint-felm\u00e9r\u00e9st\u0151l kezdve a fejleszt\u00e9si terv kidolgoz\u00e1s\u00e1n \u00e1t a val\u00f3s ig\u00e9nyekre \u00e9p\u00fcl\u0151 k\u00e9pz\u00e9sek megtervez\u00e9s\u00e9ig, megszervez\u00e9s\u00e9ig \u00e9s lebonyol\u00edt\u00e1s\u00e1ig. A k\u00e9pz\u00e9si palett\u00e1nk fel\u00f6leli az IT-, HR-, munka\u00fcgyi \u00e9s soft skill k\u00e9pz\u00e9seket. V\u00e1llalati \u00e9s ny\u00edlt k\u00e9pz\u00e9seink, szakmai el\u0151ad\u00e1saink \u00e9s szemin\u00e1riumaink v\u00e1rj\u00e1k jelen \u00e9s j\u00f6v\u0151beli \u00fcgyfeleinket.<\/p>\n<p style=\"text-align: justify;\">A kompetenciafejleszt\u00e9sen t\u00fal a szervezetfejleszt\u00e9s t\u00f6bbi ter\u00fcletein is megb\u00edzhat\u00f3 partnerei vagyunk \u00fcgyfeleinknek, \u00fagymint\u00a0 szervezetdiagnosztika, folyamatfejleszt\u00e9sek, strukt\u00faraigaz\u00edt\u00e1s, kult\u00farav\u00e1lt\u00e1s \u00e9s v\u00e1llalati \u00e9rt\u00e9kek meghat\u00e1roz\u00e1sa. Kiv\u00e1l\u00f3 tr\u00e9nereink, el\u0151ad\u00f3ink, szakembereink \u00e9s\u00a0 gyakorlatorient\u00e1lt m\u00f3dszertanunk garancia \u00fcgyfeleink sikeres fejl\u0151d\u00e9s\u00e9re.<\/p>\n<p><\/div>[\/vc_column_text]\r\n\t\t\t\t\t\t\r\n\t\t\t\t<\/div>[\/vc_column][vc_column width=&#8221;1\/2&#8243;][vc_single_image image=&#8221;110168&#8243;][vc_btn title=&#8221;varadi.mariann@novahr.hu&#8221;][vc_column_text]If you have any inquiries, please don&#8217;t hesitate to contact us: varadi.mariann@novahr.hu[\/vc_column_text][\/vc_column][\/vc_row][vc_row][vc_column]\n<div class=\"wpcf7 no-js\" id=\"wpcf7-f4816-o1\" lang=\"hu-HU\" dir=\"ltr\">\n<div class=\"screen-reader-response\"><p role=\"status\" aria-live=\"polite\" aria-atomic=\"true\"><\/p> <ul><\/ul><\/div>\n<form action=\"\/en\/wp-json\/wp\/v2\/pages\/5062#wpcf7-f4816-o1\" method=\"post\" class=\"wpcf7-form init\" aria-label=\"Kapcsolatfelv\u00e9teli \u0171rlap\" novalidate=\"novalidate\" data-status=\"init\">\n<div style=\"display: none;\">\n<input type=\"hidden\" name=\"_wpcf7\" value=\"4816\" \/>\n<input type=\"hidden\" name=\"_wpcf7_version\" value=\"5.9.8\" \/>\n<input type=\"hidden\" name=\"_wpcf7_locale\" value=\"hu_HU\" \/>\n<input type=\"hidden\" name=\"_wpcf7_unit_tag\" value=\"wpcf7-f4816-o1\" \/>\n<input type=\"hidden\" name=\"_wpcf7_container_post\" value=\"0\" \/>\n<input type=\"hidden\" name=\"_wpcf7_posted_data_hash\" value=\"\" \/>\n<input type=\"hidden\" name=\"_wpcf7_recaptcha_response\" value=\"\" \/>\n<\/div>\n<div class=\"row mb-3\">\n\t<div class=\"col-md-12 text-center\">\n\t\t<h2 class=\"mb-0\">Iratkozzon fel h\u00edrlevel\u00fcnkre!\n\t\t<\/h2>\n\t<\/div>\n<\/div>\n<div class=\"row form-group mb-0\">\n\t<div class=\"col-md-6 my-3\">\n\t\t<p><span class=\"wpcf7-form-control-wrap\" data-name=\"nev\"><input size=\"40\" maxlength=\"400\" class=\"wpcf7-form-control wpcf7-text wpcf7-validates-as-required form-control\" aria-required=\"true\" aria-invalid=\"false\" placeholder=\"N\u00e9v\" value=\"\" type=\"text\" name=\"nev\" \/><\/span>\n\t\t<\/p>\n\t<\/div>\n\t<div class=\"col-md-6 my-3\">\n\t\t<p><span class=\"wpcf7-form-control-wrap\" data-name=\"email-cim\"><input size=\"40\" maxlength=\"400\" class=\"wpcf7-form-control wpcf7-email wpcf7-validates-as-required wpcf7-text wpcf7-validates-as-email form-control\" aria-required=\"true\" aria-invalid=\"false\" placeholder=\"E-mail c\u00edm\" value=\"\" type=\"email\" name=\"email-cim\" \/><\/span>\n\t\t<\/p>\n\t<\/div>\n\t<div class=\"col-md-12 my-3\">\n\t\t<p><span class=\"wpcf7-form-control-wrap\" data-name=\"adatvedelmi\"><span class=\"wpcf7-form-control wpcf7-acceptance\"><span class=\"wpcf7-list-item\"><label><input type=\"checkbox\" name=\"adatvedelmi\" value=\"1\" aria-invalid=\"false\" \/><span class=\"wpcf7-list-item-label\">Kijelentem, hogy elolvastam, megismertem a Nova Human Resources Kft. <a target=\"_blank\" href=\"\/docs\/Nova_Akad\u00e9mia_adatv\u00e9delmi_t\u00e1j\u00e9koztat\u00f3.pdf\">Adatv\u00e9delmi T\u00e1j\u00e9koztat\u00f3j\u00e1t<\/a>.<\/span><\/label><\/span><\/span><\/span>\n\t\t<\/p>\n\t<\/div>\n\t<div class=\"col-md-12 mb-3\">\n\t\t<p><span class=\"wpcf7-form-control-wrap\" data-name=\"hirlevel\"><span class=\"wpcf7-form-control wpcf7-acceptance\"><span class=\"wpcf7-list-item\"><label><input type=\"checkbox\" name=\"hirlevel\" value=\"1\" aria-invalid=\"false\" \/><span class=\"wpcf7-list-item-label\">Hozz\u00e1j\u00e1rulok ahhoz, hogy a Nova Human Resources Kft. az \u00e1ltalam megadott e-mail c\u00edmre h\u00edrlevelet k\u00fcldj\u00f6n \u00e9s ezzel kapcsolatban a szem\u00e9lyes adataimat kezelje.<\/span><\/label><\/span><\/span><\/span>\n\t\t<\/p>\n\t<\/div>\n\t<div class=\"col-md-12 my-3 text-center\">\n\t\t<p><input class=\"wpcf7-form-control wpcf7-submit has-spinner nova-button-1 nova-button-small-padding\" type=\"submit\" value=\"K\u00fcld\u00e9s\" \/>\n\t\t<\/p>\n\t<\/div>\n<\/div><div class=\"wpcf7-response-output\" aria-hidden=\"true\"><\/div>\n<\/form>\n<\/div>\n[vc_empty_space][\/vc_column][\/vc_row][vc_row full_width=&#8221;stretch_row&#8221; css=&#8221;.vc_custom_1602593060464{padding-top: 60px !important;padding-bottom: 80px !important;background-color: #fbfbfb !important;}&#8221;][vc_column]<div class=\"kw_section_header text-center text-mobile-default  \">\r\n\t\t\t\t\t\t[vc_column_text]<h2 class=\"color-default  \" style=\"\">Szolg\u00e1ltat\u00e1saink<\/h2>[\/vc_column_text]\r\n\t\t\t\t\t\t\r\n\t\t\t\t<\/div><div class=\"p-relative vc-carousel owl-carousel owl-theme owl-carousel-regular\"><div class='larion-service-item '><div class='larion-service-image' style='background-image: url(https:\/\/novahr.hu\/wp-content\/uploads\/2020\/05\/Rajzt\u00e1bla-1-m\u00e1solat-300x300.png)'><\/div><h4 class='larion-service-name'><a href=https:\/\/novahr.hu\/en\/recruitment\/service\/digi-hr\/>Digi HR<\/a><\/h4><p class='larion-service-content'>We use online solutions and automatization to develop the HR processes of organizations<\/p><a class='larion-service-link nova-button-1'  href=https:\/\/novahr.hu\/en\/recruitment\/service\/digi-hr\/>Details<\/a><\/div><div class='larion-service-item '><div class='larion-service-image' style='background-image: url(https:\/\/novahr.hu\/wp-content\/uploads\/2020\/05\/Rajzt\u00e1bla-1-m\u00e1solat-4_1-1-300x300.png)'><\/div><h4 class='larion-service-name'><a href=https:\/\/novahr.hu\/en\/recruitment\/service\/wage-transparency\/>Wage transparency consulting<\/a><\/h4><p class='larion-service-content'><\/p><a class='larion-service-link nova-button-1'  href=https:\/\/novahr.hu\/en\/recruitment\/service\/wage-transparency\/>Details<\/a><\/div><div class='larion-service-item '><div class='larion-service-image' style='background-image: url(https:\/\/novahr.hu\/wp-content\/uploads\/2020\/05\/Rajzt\u00e1bla-1-m\u00e1solat-3-300x300.png)'><\/div><h4 class='larion-service-name'><a href=https:\/\/novahr.hu\/en\/recruitment\/service\/academy-organization-development\/>Academy, Organization development<\/a><\/h4><p class='larion-service-content'>We provide up-to-date methods and skills in IT, HR, labour, taxation, finance and soft skills that can be applied in practice right away. <\/p><a class='larion-service-link nova-button-1'  href=https:\/\/novahr.hu\/en\/recruitment\/service\/academy-organization-development\/>Details<\/a><\/div><div class='larion-service-item '><div class='larion-service-image' style='background-image: url(https:\/\/novahr.hu\/wp-content\/uploads\/2020\/05\/Rajzt\u00e1bla-1-300x300.png)'><\/div><h4 class='larion-service-name'><a href=https:\/\/novahr.hu\/en\/recruitment\/service\/executive-search\/>Executive search<\/a><\/h4><p class='larion-service-content'>If you need highly qualified executives or professionals with special skills<\/p><a class='larion-service-link nova-button-1'  href=https:\/\/novahr.hu\/en\/recruitment\/service\/executive-search\/>Details<\/a><\/div><div class='larion-service-item '><div class='larion-service-image' style='background-image: url(https:\/\/novahr.hu\/wp-content\/uploads\/2020\/05\/Rajzt\u00e1bla-1-m\u00e1solat-5-300x300.png)'><\/div><h4 class='larion-service-name'><a href=https:\/\/novahr.hu\/en\/recruitment\/service\/hr-outsourcing\/>HR outsourcing<\/a><\/h4><p class='larion-service-content'>HR Outsourcing allows companies to focus on growth and their strategic goals while placing human resource management in expert hands.<\/p><a class='larion-service-link nova-button-1'  href=https:\/\/novahr.hu\/en\/recruitment\/service\/hr-outsourcing\/>Details<\/a><\/div><div class='larion-service-item '><div class='larion-service-image' style='background-image: url(https:\/\/novahr.hu\/wp-content\/uploads\/2020\/05\/Rajzt\u00e1bla-1-m\u00e1solat-2-300x300.png)'><\/div><h4 class='larion-service-name'><a href=https:\/\/novahr.hu\/en\/recruitment\/service\/recruitment\/>Recruitment<\/a><\/h4><p class='larion-service-content'>We provide fast and effective help in recruiting white-collar, intellec-tual and executive jobs in almost all areas<\/p><a class='larion-service-link nova-button-1'  href=https:\/\/novahr.hu\/en\/recruitment\/service\/recruitment\/>Details<\/a><\/div><\/div>[\/vc_column][\/vc_row]<\/p>\n<\/div>","protected":false},"excerpt":{"rendered":"<p>[vc_row full_width=&#8221;stretch_row&#8221; css=&#8221;.vc_custom_1612901469796{margin-bottom: 100px !important;padding-top: 250px !important;}&#8221; el_class=&#8221;background-cover-on-mobile&#8221;][vc_column][vc_column_text el_class=&#8221;.istok-web-italic&#8221; css=&#8221;.vc_custom_1603984321780{margin-bottom: 100px !important;}&#8221;] A sikeres fejl\u0151d\u00e9s partnerei vagyunk [\/vc_column_text][vc_single_image image=&#8221;4509&#8243; img_size=&#8221;268&#215;330&#8243; el_class=&#8221;academy-header-image&#8221;][\/vc_column][\/vc_row][vc_row gap=&#8221;30&#8243; full_height=&#8221;yes&#8221; css=&#8221;.vc_custom_1613993466582{margin-bottom: 60px !important;}&#8221;][vc_column width=&#8221;1\/2&#8243;][\/vc_column][vc_column width=&#8221;1\/2&#8243;][vc_single_image image=&#8221;110168&#8243;][vc_btn title=&#8221;varadi.mariann@novahr.hu&#8221;][vc_column_text]If you have any inquiries, please don&#8217;t hesitate to contact us: varadi.mariann@novahr.hu[\/vc_column_text][\/vc_column][\/vc_row][vc_row][vc_column][vc_empty_space][\/vc_column][\/vc_row][vc_row full_width=&#8221;stretch_row&#8221; css=&#8221;.vc_custom_1602593060464{padding-top: 60px !important;padding-bottom: 80px !important;background-color: #fbfbfb !important;}&#8221;][vc_column][\/vc_column][\/vc_row]<\/p>\n","protected":false},"author":8,"featured_media":0,"parent":0,"menu_order":0,"comment_status":"closed","ping_status":"closed","template":"templates\/landing.php","meta":{"footnotes":""},"class_list":["post-5062","page","type-page","status-publish","hentry"],"_links":{"self":[{"href":"https:\/\/novahr.hu\/en\/wp-json\/wp\/v2\/pages\/5062"}],"collection":[{"href":"https:\/\/novahr.hu\/en\/wp-json\/wp\/v2\/pages"}],"about":[{"href":"https:\/\/novahr.hu\/en\/wp-json\/wp\/v2\/types\/page"}],"author":[{"embeddable":true,"href":"https:\/\/novahr.hu\/en\/wp-json\/wp\/v2\/users\/8"}],"replies":[{"embeddable":true,"href":"https:\/\/novahr.hu\/en\/wp-json\/wp\/v2\/comments?post=5062"}],"version-history":[{"count":4,"href":"https:\/\/novahr.hu\/en\/wp-json\/wp\/v2\/pages\/5062\/revisions"}],"predecessor-version":[{"id":110172,"href":"https:\/\/novahr.hu\/en\/wp-json\/wp\/v2\/pages\/5062\/revisions\/110172"}],"wp:attachment":[{"href":"https:\/\/novahr.hu\/en\/wp-json\/wp\/v2\/media?parent=5062"}],"curies":[{"name":"wp","href":"https:\/\/api.w.org\/{rel}","templated":true}]}}