{"id":5056,"date":"2020-10-05T12:44:11","date_gmt":"2020-10-05T10:44:11","guid":{"rendered":"https:\/\/novahr.hu\/?page_id=5056"},"modified":"2021-12-14T11:18:23","modified_gmt":"2021-12-14T10:18:23","slug":"akademia","status":"publish","type":"page","link":"https:\/\/novahr.hu\/en\/akademia\/","title":{"rendered":"Academy and Organization Development"},"content":{"rendered":"<div class=\"wpb-content-wrapper\"><p>[vc_row full_width=&#8221;stretch_row&#8221; css=&#8221;.vc_custom_1639404137294{margin-bottom: 100px !important;padding-top: 250px !important;}&#8221; el_class=&#8221;background-cover-on-mobile&#8221;][vc_column]<div class=\"kw_section_header text-center text-mobile-default  \">\r\n\t\t\t\t\t\t[vc_column_text]<h1 class=\"  \" style=\"color:#ffffff;\">Academy,\nOrganization Development<\/h1>[\/vc_column_text]\r\n\t\t\t\t\t\t\r\n\t\t\t\t<\/div>[vc_column_text el_class=&#8221;.istok-web-italic&#8221; css=&#8221;.vc_custom_1639477098686{margin-bottom: 160px !important;}&#8221;]<\/p>\n<h2 class=\" \" style=\"text-align: center;\"><span style=\"color: #ffffff;\">We are partners of successful development<\/span><\/h2>\n<p>[\/vc_column_text]<div class=\"kw_section_header text-center text-mobile-default mt-5\">\t\t\t\t\r\n\t\t\t\t\t<div class=\"wpb_text_column wpb_content_element \">\r\n\t\t\t\t\t\t<div class=\"wpb_wrapper\">\r\n\t\t\t\t\t\t\t<h2 class=\"color-white\">Training categories<\/h2>\r\n\t\t\t\t\t\t<\/div>\r\n\t\t\t\t\t<\/div>\r\n\t\t\t\t<\/div>\r\n\r\n\t\t\t\t<div class=\"larion_service_boxes_with_list_only_titles\">\r\n\t\t\t\t\t\t<div class=\"inner_box\"><a class=\"item\" href=\"https:\/\/novahr.hu\/en\/akademia\/training\/adatvedelmi-munkaugyi-es-tb-kepzesek\/\">\r\n\t\t\t\t\t\t\t\t\t\t\t<img decoding=\"async\" class=\"nova-design-item\" alt=\"Nova design item\" src=\"https:\/\/novahr.hu\/wp-content\/themes\/larion\/assets\/img\/nova-design-item.png\" title=\"\">\r\n\t\t\t\t\t\t\t\t\t\t\t<div class=\"item-overlay\"><\/div>\r\n\t\t\t\t\t\t\t\t\t\t\t<div class=\"item-inner\">\r\n\t\t\t\t\t\t\t\t\t\t\t\t<h3>Data protection, labour, social security trainings<\/h3>\r\n\t\t\t\t\t\t\t\t\t\t\t<\/div>\r\n\t\t\t\t\t\t\t\t\t\t\t<span class=\"nova-button-4\" >Tov\u00e1bb<\/span>\r\n\t\t\t\t\t\t\t\t\t\t<\/a><a class=\"item\" href=\"https:\/\/novahr.hu\/en\/akademia\/training\/ado-es-penzugyi-kepzesek\/\">\r\n\t\t\t\t\t\t\t\t\t\t\t<img decoding=\"async\" class=\"nova-design-item\" alt=\"Nova design item\" src=\"https:\/\/novahr.hu\/wp-content\/themes\/larion\/assets\/img\/nova-design-item.png\" title=\"\">\r\n\t\t\t\t\t\t\t\t\t\t\t<div class=\"item-overlay\"><\/div>\r\n\t\t\t\t\t\t\t\t\t\t\t<div class=\"item-inner\">\r\n\t\t\t\t\t\t\t\t\t\t\t\t<h3>Taxation and financial trainings<\/h3>\r\n\t\t\t\t\t\t\t\t\t\t\t<\/div>\r\n\t\t\t\t\t\t\t\t\t\t\t<span class=\"nova-button-4\" >Tov\u00e1bb<\/span>\r\n\t\t\t\t\t\t\t\t\t\t<\/a><a class=\"item\" href=\"https:\/\/novahr.hu\/en\/akademia\/training\/it-kepzesek\/\">\r\n\t\t\t\t\t\t\t\t\t\t\t<img decoding=\"async\" class=\"nova-design-item\" alt=\"Nova design item\" src=\"https:\/\/novahr.hu\/wp-content\/themes\/larion\/assets\/img\/nova-design-item.png\" title=\"\">\r\n\t\t\t\t\t\t\t\t\t\t\t<div class=\"item-overlay\"><\/div>\r\n\t\t\t\t\t\t\t\t\t\t\t<div class=\"item-inner\">\r\n\t\t\t\t\t\t\t\t\t\t\t\t<h3>IT, Agile and Lean trainings<\/h3>\r\n\t\t\t\t\t\t\t\t\t\t\t<\/div>\r\n\t\t\t\t\t\t\t\t\t\t\t<span class=\"nova-button-4\" >Tov\u00e1bb<\/span>\r\n\t\t\t\t\t\t\t\t\t\t<\/a><a class=\"item\" href=\"https:\/\/novahr.hu\/en\/akademia\/training\/soft-skill-kepzesek\/\">\r\n\t\t\t\t\t\t\t\t\t\t\t<img decoding=\"async\" class=\"nova-design-item\" alt=\"Nova design item\" src=\"https:\/\/novahr.hu\/wp-content\/themes\/larion\/assets\/img\/nova-design-item.png\" title=\"\">\r\n\t\t\t\t\t\t\t\t\t\t\t<div class=\"item-overlay\"><\/div>\r\n\t\t\t\t\t\t\t\t\t\t\t<div class=\"item-inner\">\r\n\t\t\t\t\t\t\t\t\t\t\t\t<h3>Soft skill trainings<\/h3>\r\n\t\t\t\t\t\t\t\t\t\t\t<\/div>\r\n\t\t\t\t\t\t\t\t\t\t\t<span class=\"nova-button-4\" >Tov\u00e1bb<\/span>\r\n\t\t\t\t\t\t\t\t\t\t<\/a><\/div>\r\n\t\t\t\t<\/div><div class=\"kw_section_header text-center text-mobile-default mt-5\">\t\t\t\t\r\n\t\t\t\t\t<div class=\"wpb_text_column wpb_content_element \">\r\n\t\t\t\t\t\t<div class=\"wpb_wrapper\">\r\n\t\t\t\t\t\t\t<h2 class=\"color-primary\">Consulting services<\/h2>\r\n\t\t\t\t\t\t<\/div>\r\n\t\t\t\t\t<\/div>\r\n\t\t\t\t<\/div>\r\n\r\n\t\t\t\t<div class=\"larion_service_boxes_with_list_only_titles\">\r\n\t\t\t\t\t\t<div class=\"inner_box\"><a class=\"item\" href=\"https:\/\/novahr.hu\/en\/akademia\/training\/szervezetfejlesztes\/\">\r\n\t\t\t\t\t\t\t\t\t\t\t<img decoding=\"async\" class=\"nova-design-item\" alt=\"Nova design item\" src=\"https:\/\/novahr.hu\/wp-content\/themes\/larion\/assets\/img\/nova-design-item.png\" title=\"\">\r\n\t\t\t\t\t\t\t\t\t\t\t<div class=\"item-overlay\"><\/div>\r\n\t\t\t\t\t\t\t\t\t\t\t<div class=\"item-inner\">\r\n\t\t\t\t\t\t\t\t\t\t\t\t<h3>Organization Development<\/h3>\r\n\t\t\t\t\t\t\t\t\t\t\t<\/div>\r\n\t\t\t\t\t\t\t\t\t\t\t<span class=\"nova-button-4\" >Tov\u00e1bb<\/span>\r\n\t\t\t\t\t\t\t\t\t\t<\/a><a class=\"item\" href=\"https:\/\/novahr.hu\/en\/akademia\/training\/hr-tanacsadas\/\">\r\n\t\t\t\t\t\t\t\t\t\t\t<img decoding=\"async\" class=\"nova-design-item\" alt=\"Nova design item\" src=\"https:\/\/novahr.hu\/wp-content\/themes\/larion\/assets\/img\/nova-design-item.png\" title=\"\">\r\n\t\t\t\t\t\t\t\t\t\t\t<div class=\"item-overlay\"><\/div>\r\n\t\t\t\t\t\t\t\t\t\t\t<div class=\"item-inner\">\r\n\t\t\t\t\t\t\t\t\t\t\t\t<h3>HR advisory<\/h3>\r\n\t\t\t\t\t\t\t\t\t\t\t<\/div>\r\n\t\t\t\t\t\t\t\t\t\t\t<span class=\"nova-button-4\" >Tov\u00e1bb<\/span>\r\n\t\t\t\t\t\t\t\t\t\t<\/a><a class=\"item\" href=\"https:\/\/novahr.hu\/en\/nova-data-protection\/\">\r\n\t\t\t\t\t\t\t\t\t\t\t<img decoding=\"async\" class=\"nova-design-item\" alt=\"Nova design item\" src=\"https:\/\/novahr.hu\/wp-content\/themes\/larion\/assets\/img\/nova-design-item.png\" title=\"\">\r\n\t\t\t\t\t\t\t\t\t\t\t<div class=\"item-overlay\"><\/div>\r\n\t\t\t\t\t\t\t\t\t\t\t<div class=\"item-inner\">\r\n\t\t\t\t\t\t\t\t\t\t\t\t<h3>Nova Data Protection and Labour Consultancy<\/h3>\r\n\t\t\t\t\t\t\t\t\t\t\t<\/div>\r\n\t\t\t\t\t\t\t\t\t\t\t<span class=\"nova-button-4\" >Tov\u00e1bb<\/span>\r\n\t\t\t\t\t\t\t\t\t\t<\/a><a class=\"item\" href=\"https:\/\/novahr.hu\/en\/digital-services\/\">\r\n\t\t\t\t\t\t\t\t\t\t\t<img decoding=\"async\" class=\"nova-design-item\" alt=\"Nova design item\" src=\"https:\/\/novahr.hu\/wp-content\/themes\/larion\/assets\/img\/nova-design-item.png\" title=\"\">\r\n\t\t\t\t\t\t\t\t\t\t\t<div class=\"item-overlay\"><\/div>\r\n\t\t\t\t\t\t\t\t\t\t\t<div class=\"item-inner\">\r\n\t\t\t\t\t\t\t\t\t\t\t\t<h3>Digital and transformation services<\/h3>\r\n\t\t\t\t\t\t\t\t\t\t\t<\/div>\r\n\t\t\t\t\t\t\t\t\t\t\t<span class=\"nova-button-4\" >Tov\u00e1bb<\/span>\r\n\t\t\t\t\t\t\t\t\t\t<\/a><\/div>\r\n\t\t\t\t<\/div><div class=\"larion-background\" \r\n\t\t\t\t\t\tdata-bg=\"background-size:cover;background-position:top;background-repeat:no-repeat;\"\r\n\t\t\t\t\t\tdata-overlay=\"\"\r\n\t\t\t\t\t\tdata-image=\"https:\/\/novahr.hu\/wp-content\/uploads\/2021\/02\/b8202343409f1c5c5a7e61ceb60f443e-1.png\"\r\n\t\t\t\t\t\tdata-mobile-image=\"https:\/\/novahr.hu\/wp-content\/uploads\/2021\/02\/b8202343409f1c5c5a7e61ceb60f443e-1.png\"\r\n\t\t\t\t\t\t\r\n\t\t\t\t>\r\n\t\t\t\t<\/div>[\/vc_column][\/vc_row][vc_row gap=&#8221;30&#8243; full_height=&#8221;yes&#8221; css=&#8221;.vc_custom_1614082821320{margin-bottom: 20px !important;}&#8221;][vc_column width=&#8221;1\/2&#8243;]<div class=\"kw_section_header text-left text-mobile-default  \">\r\n\t\t\t\t\t\t[vc_column_text]<h2 class=\"color-default  \" style=\"\">We are partners of successful development<\/h2><div class=\"color-default\" style=\"\"><\/p>\n<p style=\"text-align: justify;\">During our trainings, we provide up-to-date methods and knowledge that can be applied immediately in practice. Our corporate competency development is extensive and well-structured: from individual and group competency level assessments to the development of an improvement plan to the plotting, organization and implementation of training based on real needs. Our training range includes IT, HR, labor and soft skill trainings. Our corporate and open trainings, professional presentations and seminars await our current and future clients.<\/p>\n<p><\/div>[\/vc_column_text]\r\n\t\t\t\t\t\t\r\n\t\t\t\t<\/div>[\/vc_column][vc_column width=&#8221;1\/2&#8243;][vc_single_image image=&#8221;38834&#8243; img_size=&#8221;medium&#8221; alignment=&#8221;center&#8221;][vc_column_text]<\/p>\n<p style=\"text-align: center;\">If you have any questions, please contact our colleague at <a href=\"mailto:horvath.rita@novahr.hu\">horvath.rita@novahr.hu<\/a>!<\/p>\n<p>[\/vc_column_text][vc_btn title=&#8221;Send Message&#8221; style=&#8221;custom&#8221; custom_background=&#8221;#c13952&#8243; custom_text=&#8221;#ffffff&#8221; align=&#8221;center&#8221; i_icon_fontawesome=&#8221;fas fa-envelope-open&#8221; add_icon=&#8221;true&#8221; link=&#8221;url:%23masmedia-popup-5681|title:Keressen%20bizalommal!&#8221;][\/vc_column][\/vc_row][vc_row disable_element=&#8221;yes&#8221; el_id=&#8221;newsletter&#8221; css=&#8221;.vc_custom_1614596400261{padding-top: 40px !important;}&#8221;][vc_column][vc_column_text el_class=&#8221;.istok-web-italic&#8221; css=&#8221;.vc_custom_1638193779494{margin-bottom: 100px !important;}&#8221;]<\/p>\n<h1 style=\"text-align: center;\"><span style=\"color: #ffffff;\">Current trainings<\/span><\/h1>\n<p>[\/vc_column_text]<div class=\"kw_upcoming_trainings\">\r\n\t\t\t\t\t\t<div class=\"kw_upcoming_trainings_inner owl-carousel\"><div class=\"training-item\">\r\n\t\t\t\t\t\t\t\t\t\t\t\t\t<div class=\"item-front\">\r\n\t\t\t\t\t\t\t\t\t\t\t\t\t\t<img decoding=\"async\" class=\"nova-design-item\" alt=\"Nova design item\" src=\"https:\/\/novahr.hu\/wp-content\/themes\/larion\/assets\/img\/nova-design-item.png\" title=\"\">\r\n\t\t\t\t\t\t\t\t\t\t\t\t\t\t<div class=\"item-title\">\r\n\t\t\t\t\t\t\t\t\t\t\t\t\t\t\t<h3>HR \u00e9s adatv\u00e9delem a gyakorlatban<\/h3>\r\n\t\t\t\t\t\t\t\t\t\t\t\t\t\t\t<div class=\"item-title-decor\"><\/div>\r\n\t\t\t\t\t\t\t\t\t\t\t\t\t\t\t<div class=\"item-cat\">Adatv\u00e9delmi, munka\u00fcgyi \u00e9s TB k\u00e9pz\u00e9sek<\/div>\r\n\t\t\t\t\t\t\t\t\t\t\t\t\t\t<\/div>\r\n\t\t\t\t\t\t\t\t\t\t\t\t\t\t<div class=\"item-data\">\r\n\t\t\t\t\t\t\t\t\t\t\t\t\t\t\t<div class=\"item-location\">\r\n\t\t\t\t\t\t\t\t\t\t\t\t\t\t\t\t<div class=\"item-location-icon\">\r\n\t\t\t\t\t\t\t\t\t\t\t\t\t\t\t\t\t<i class=\"fas fa-map-marker-alt\"><\/i>\r\n\t\t\t\t\t\t\t\t\t\t\t\t\t\t\t\t<\/div>\r\n\t\t\t\t\t\t\t\t\t\t\t\t\t\t\t\t<div class=\"item-location-content\">\r\n\t\t\t\t\t\t\t\t\t\t\t\t\t\t\t\t\t<div>Zoom platform <\/div>\r\n\t\t\t\t\t\t\t\t\t\t\t\t\t\t\t\t<\/div>\r\n\t\t\t\t\t\t\t\t\t\t\t\t\t\t\t<\/div>\r\n\t\t\t\t\t\t\t\t\t\t\t\t\t\t\t<div class=\"item-dates\">\r\n\t\t\t\t\t\t\t\t\t\t\t\t\t\t\t\t<div class=\"item-date\">\r\n\t\t\t\t\t\t\t\t\t\t\t\t\t\t\t\t\t<div>14<\/div>\r\n\t\t\t\t\t\t\t\t\t\t\t\t\t\t\t\t\t<div>May<\/div>\r\n\t\t\t\t\t\t\t\t\t\t\t\t\t\t\t\t<\/div>\r\n\t\t\t\t\t\t\t\t\t\t\t\t\t\t\t\t\r\n\t\t\t\t\t\t\t\t\t\t\t\t\t\t\t<\/div>\r\n\t\t\t\t\t\t\t\t\t\t\t\t\t\t<\/div>\r\n\t\t\t\t\t\t\t\t\t\t\t\t\t<\/div>\r\n\t\t\t\t\t\t\t\t\t\t\t\t\t<div class=\"item-content\">\r\n\t\t\t\t\t\t\t\t\t\t\t\t\t\t<img decoding=\"async\" class=\"nova-design-item\" alt=\"Nova design item\" src=\"https:\/\/novahr.hu\/wp-content\/themes\/larion\/assets\/img\/nova-design-item.png\" title=\"\">\r\n\t\t\t\t\t\t\t\t\t\t\t\t\t\t<div class=\"content\">Az adatv\u00e9delem napjainkban kulcsfontoss\u00e1g\u00fa t\u00e9ma, k\u00fcl\u00f6n\u00f6sen a HR szakemberek sz\u00e1m\u00e1ra, akik naponta kezelnek \u00e9rz\u00e9keny szem\u00e9lyes adatokat. Az alapos \u00e9s gyakorlatias adatv\u00e9delmi k\u00e9pz\u00e9s\u00fcnk c\u00e9lja, hogy megismertesse \u00d6n\u00f6ket azokkal a legfontosabb ...<\/div>\r\n\t\t\t\t\t\t\t\t\t\t\t\t\t\t<div class=\"item-content-bottom\">\r\n\t\t\t\t\t\t\t\t\t\t\t\t\t\t\t<a class=\"item-button\" href=\"https:\/\/novahr.hu\/en\/akademia\/training\/adatvedelmi-munkaugyi-es-tb-kepzesek\/adatvedelmi-kepzesek\/hr-es-adatvedelem-a-gyakorlatban\/\">\r\n\t\t\t\t\t\t\t\t\t\t\t\t\t\t\t\t<span><i class=\"fas fa-arrow-right\"><\/i><\/span>\r\n\t\t\t\t\t\t\t\t\t\t\t\t\t\t\t<\/a>\r\n\t\t\t\t\t\t\t\t\t\t\t\t\t\t<\/div>\r\n\t\t\t\t\t\t\t\t\t\t\t\t\t<\/div>\r\n\t\t\t\t\t\t\t\t\t\t\t\t\t\r\n\t\t\t\t\t\t\t\t\t\t\t\t<\/div><\/div>\r\n\t\t\t<\/div>\n<div class=\"wpcf7 no-js\" id=\"wpcf7-f4816-o1\" lang=\"hu-HU\" dir=\"ltr\">\n<div class=\"screen-reader-response\"><p role=\"status\" aria-live=\"polite\" aria-atomic=\"true\"><\/p> <ul><\/ul><\/div>\n<form action=\"\/en\/wp-json\/wp\/v2\/pages\/5056#wpcf7-f4816-o1\" method=\"post\" class=\"wpcf7-form init\" aria-label=\"Kapcsolatfelv\u00e9teli \u0171rlap\" novalidate=\"novalidate\" data-status=\"init\">\n<div style=\"display: none;\">\n<input type=\"hidden\" name=\"_wpcf7\" value=\"4816\" \/>\n<input type=\"hidden\" name=\"_wpcf7_version\" value=\"5.9.8\" \/>\n<input type=\"hidden\" name=\"_wpcf7_locale\" value=\"hu_HU\" \/>\n<input type=\"hidden\" name=\"_wpcf7_unit_tag\" value=\"wpcf7-f4816-o1\" \/>\n<input type=\"hidden\" name=\"_wpcf7_container_post\" value=\"0\" \/>\n<input type=\"hidden\" name=\"_wpcf7_posted_data_hash\" value=\"\" \/>\n<input type=\"hidden\" name=\"_wpcf7_recaptcha_response\" value=\"\" \/>\n<\/div>\n<div class=\"row mb-3\">\n\t<div class=\"col-md-12 text-center\">\n\t\t<h2 class=\"mb-0\">Iratkozzon fel h\u00edrlevel\u00fcnkre!\n\t\t<\/h2>\n\t<\/div>\n<\/div>\n<div class=\"row form-group mb-0\">\n\t<div class=\"col-md-6 my-3\">\n\t\t<p><span class=\"wpcf7-form-control-wrap\" data-name=\"nev\"><input size=\"40\" maxlength=\"400\" class=\"wpcf7-form-control wpcf7-text wpcf7-validates-as-required form-control\" aria-required=\"true\" aria-invalid=\"false\" placeholder=\"N\u00e9v\" value=\"\" type=\"text\" name=\"nev\" \/><\/span>\n\t\t<\/p>\n\t<\/div>\n\t<div class=\"col-md-6 my-3\">\n\t\t<p><span class=\"wpcf7-form-control-wrap\" data-name=\"email-cim\"><input size=\"40\" maxlength=\"400\" class=\"wpcf7-form-control wpcf7-email wpcf7-validates-as-required wpcf7-text wpcf7-validates-as-email form-control\" aria-required=\"true\" aria-invalid=\"false\" placeholder=\"E-mail c\u00edm\" value=\"\" type=\"email\" name=\"email-cim\" \/><\/span>\n\t\t<\/p>\n\t<\/div>\n\t<div class=\"col-md-12 my-3\">\n\t\t<p><span class=\"wpcf7-form-control-wrap\" data-name=\"adatvedelmi\"><span class=\"wpcf7-form-control wpcf7-acceptance\"><span class=\"wpcf7-list-item\"><label><input type=\"checkbox\" name=\"adatvedelmi\" value=\"1\" aria-invalid=\"false\" \/><span class=\"wpcf7-list-item-label\">Kijelentem, hogy elolvastam, megismertem a Nova Human Resources Kft. <a target=\"_blank\" href=\"\/docs\/Nova_Akad\u00e9mia_adatv\u00e9delmi_t\u00e1j\u00e9koztat\u00f3.pdf\">Adatv\u00e9delmi T\u00e1j\u00e9koztat\u00f3j\u00e1t<\/a>.<\/span><\/label><\/span><\/span><\/span>\n\t\t<\/p>\n\t<\/div>\n\t<div class=\"col-md-12 mb-3\">\n\t\t<p><span class=\"wpcf7-form-control-wrap\" data-name=\"hirlevel\"><span class=\"wpcf7-form-control wpcf7-acceptance\"><span class=\"wpcf7-list-item\"><label><input type=\"checkbox\" name=\"hirlevel\" value=\"1\" aria-invalid=\"false\" \/><span class=\"wpcf7-list-item-label\">Hozz\u00e1j\u00e1rulok ahhoz, hogy a Nova Human Resources Kft. az \u00e1ltalam megadott e-mail c\u00edmre h\u00edrlevelet k\u00fcldj\u00f6n \u00e9s ezzel kapcsolatban a szem\u00e9lyes adataimat kezelje.<\/span><\/label><\/span><\/span><\/span>\n\t\t<\/p>\n\t<\/div>\n\t<div class=\"col-md-12 my-3 text-center\">\n\t\t<p><input class=\"wpcf7-form-control wpcf7-submit has-spinner nova-button-1 nova-button-small-padding\" type=\"submit\" value=\"K\u00fcld\u00e9s\" \/>\n\t\t<\/p>\n\t<\/div>\n<\/div><div class=\"wpcf7-response-output\" aria-hidden=\"true\"><\/div>\n<\/form>\n<\/div>\n[vc_empty_space][\/vc_column][\/vc_row][vc_row full_width=&#8221;stretch_row&#8221; css=&#8221;.vc_custom_1602593060464{padding-top: 60px !important;padding-bottom: 80px !important;background-color: #fbfbfb !important;}&#8221;][vc_column]<div class=\"kw_section_header text-center text-mobile-default  \">\r\n\t\t\t\t\t\t[vc_column_text]<h2 class=\"color-default  \" style=\"\">Our services<\/h2>[\/vc_column_text]\r\n\t\t\t\t\t\t\r\n\t\t\t\t<\/div><div class=\"p-relative vc-carousel owl-carousel owl-theme owl-carousel-regular\"><div class='larion-service-item '><div class='larion-service-image' style='background-image: url(https:\/\/novahr.hu\/wp-content\/uploads\/2020\/05\/Rajzt\u00e1bla-1-m\u00e1solat-300x300.png)'><\/div><h4 class='larion-service-name'><a href=https:\/\/novahr.hu\/en\/recruitment\/service\/digi-hr\/>Digi HR<\/a><\/h4><p class='larion-service-content'>We use online solutions and automatization to develop the HR processes of organizations<\/p><a class='larion-service-link nova-button-1'  href=https:\/\/novahr.hu\/en\/recruitment\/service\/digi-hr\/>Details<\/a><\/div><div class='larion-service-item '><div class='larion-service-image' style='background-image: url(https:\/\/novahr.hu\/wp-content\/uploads\/2020\/05\/Rajzt\u00e1bla-1-m\u00e1solat-4_1-1-300x300.png)'><\/div><h4 class='larion-service-name'><a href=https:\/\/novahr.hu\/en\/recruitment\/service\/wage-transparency\/>Wage transparency consulting<\/a><\/h4><p class='larion-service-content'><\/p><a class='larion-service-link nova-button-1'  href=https:\/\/novahr.hu\/en\/recruitment\/service\/wage-transparency\/>Details<\/a><\/div><div class='larion-service-item '><div class='larion-service-image' style='background-image: url(https:\/\/novahr.hu\/wp-content\/uploads\/2020\/05\/Rajzt\u00e1bla-1-m\u00e1solat-3-300x300.png)'><\/div><h4 class='larion-service-name'><a href=https:\/\/novahr.hu\/en\/recruitment\/service\/academy-organization-development\/>Academy, Organization development<\/a><\/h4><p class='larion-service-content'>We provide up-to-date methods and skills in IT, HR, labour, taxation, finance and soft skills that can be applied in practice right away. <\/p><a class='larion-service-link nova-button-1'  href=https:\/\/novahr.hu\/en\/recruitment\/service\/academy-organization-development\/>Details<\/a><\/div><div class='larion-service-item '><div class='larion-service-image' style='background-image: url(https:\/\/novahr.hu\/wp-content\/uploads\/2020\/05\/Rajzt\u00e1bla-1-300x300.png)'><\/div><h4 class='larion-service-name'><a href=https:\/\/novahr.hu\/en\/recruitment\/service\/executive-search\/>Executive search<\/a><\/h4><p class='larion-service-content'>If you need highly qualified executives or professionals with special skills<\/p><a class='larion-service-link nova-button-1'  href=https:\/\/novahr.hu\/en\/recruitment\/service\/executive-search\/>Details<\/a><\/div><div class='larion-service-item '><div class='larion-service-image' style='background-image: url(https:\/\/novahr.hu\/wp-content\/uploads\/2020\/05\/Rajzt\u00e1bla-1-m\u00e1solat-5-300x300.png)'><\/div><h4 class='larion-service-name'><a href=https:\/\/novahr.hu\/en\/recruitment\/service\/hr-outsourcing\/>HR outsourcing<\/a><\/h4><p class='larion-service-content'>HR Outsourcing allows companies to focus on growth and their strategic goals while placing human resource management in expert hands.<\/p><a class='larion-service-link nova-button-1'  href=https:\/\/novahr.hu\/en\/recruitment\/service\/hr-outsourcing\/>Details<\/a><\/div><div class='larion-service-item '><div class='larion-service-image' style='background-image: url(https:\/\/novahr.hu\/wp-content\/uploads\/2020\/05\/Rajzt\u00e1bla-1-m\u00e1solat-2-300x300.png)'><\/div><h4 class='larion-service-name'><a href=https:\/\/novahr.hu\/en\/recruitment\/service\/recruitment\/>Recruitment<\/a><\/h4><p class='larion-service-content'>We provide fast and effective help in recruiting white-collar, intellec-tual and executive jobs in almost all areas<\/p><a class='larion-service-link nova-button-1'  href=https:\/\/novahr.hu\/en\/recruitment\/service\/recruitment\/>Details<\/a><\/div><\/div>[\/vc_column][\/vc_row]<\/p>\n<\/div>","protected":false},"excerpt":{"rendered":"<p>[vc_row full_width=&#8221;stretch_row&#8221; css=&#8221;.vc_custom_1639404137294{margin-bottom: 100px !important;padding-top: 250px !important;}&#8221; el_class=&#8221;background-cover-on-mobile&#8221;][vc_column][vc_column_text el_class=&#8221;.istok-web-italic&#8221; css=&#8221;.vc_custom_1639477098686{margin-bottom: 160px !important;}&#8221;] We are partners of successful development [\/vc_column_text][\/vc_column][\/vc_row][vc_row gap=&#8221;30&#8243; full_height=&#8221;yes&#8221; css=&#8221;.vc_custom_1614082821320{margin-bottom: 20px !important;}&#8221;][vc_column width=&#8221;1\/2&#8243;][\/vc_column][vc_column width=&#8221;1\/2&#8243;][vc_single_image image=&#8221;38834&#8243; img_size=&#8221;medium&#8221; alignment=&#8221;center&#8221;][vc_column_text] If you have any questions, please contact our colleague at horvath.rita@novahr.hu! [\/vc_column_text][vc_btn title=&#8221;Send Message&#8221; style=&#8221;custom&#8221; custom_background=&#8221;#c13952&#8243; custom_text=&#8221;#ffffff&#8221; align=&#8221;center&#8221; i_icon_fontawesome=&#8221;fas fa-envelope-open&#8221; add_icon=&#8221;true&#8221; link=&#8221;url:%23masmedia-popup-5681|title:Keressen%20bizalommal!&#8221;][\/vc_column][\/vc_row][vc_row disable_element=&#8221;yes&#8221; el_id=&#8221;newsletter&#8221; css=&#8221;.vc_custom_1614596400261{padding-top: 40px [&hellip;]<\/p>\n","protected":false},"author":3,"featured_media":0,"parent":0,"menu_order":0,"comment_status":"closed","ping_status":"closed","template":"templates\/landing.php","meta":{"footnotes":""},"class_list":["post-5056","page","type-page","status-publish","hentry"],"_links":{"self":[{"href":"https:\/\/novahr.hu\/en\/wp-json\/wp\/v2\/pages\/5056"}],"collection":[{"href":"https:\/\/novahr.hu\/en\/wp-json\/wp\/v2\/pages"}],"about":[{"href":"https:\/\/novahr.hu\/en\/wp-json\/wp\/v2\/types\/page"}],"author":[{"embeddable":true,"href":"https:\/\/novahr.hu\/en\/wp-json\/wp\/v2\/users\/3"}],"replies":[{"embeddable":true,"href":"https:\/\/novahr.hu\/en\/wp-json\/wp\/v2\/comments?post=5056"}],"version-history":[{"count":46,"href":"https:\/\/novahr.hu\/en\/wp-json\/wp\/v2\/pages\/5056\/revisions"}],"predecessor-version":[{"id":44985,"href":"https:\/\/novahr.hu\/en\/wp-json\/wp\/v2\/pages\/5056\/revisions\/44985"}],"wp:attachment":[{"href":"https:\/\/novahr.hu\/en\/wp-json\/wp\/v2\/media?parent=5056"}],"curies":[{"name":"wp","href":"https:\/\/api.w.org\/{rel}","templated":true}]}}