{"id":49882,"date":"2022-01-20T13:58:37","date_gmt":"2022-01-20T12:58:37","guid":{"rendered":"https:\/\/novahr.hu\/?page_id=49882"},"modified":"2022-01-21T10:15:52","modified_gmt":"2022-01-21T09:15:52","slug":"hirlevel","status":"publish","type":"page","link":"https:\/\/novahr.hu\/en\/akademia\/hirlevel\/","title":{"rendered":"H\u00edrlev\u00e9lre feliratkoz\u00e1s"},"content":{"rendered":"<div class=\"wpb-content-wrapper\"><p>[vc_row css=&#8221;.vc_custom_1642684119866{margin-top: 200px !important;}&#8221;][vc_column][vc_row_inner css=&#8221;.vc_custom_1642684523054{margin-bottom: 200px !important;padding-top: 60px !important;padding-bottom: 20px !important;}&#8221;][vc_column_inner]\n<div class=\"wpcf7 no-js\" id=\"wpcf7-f4816-o1\" lang=\"hu-HU\" dir=\"ltr\">\n<div class=\"screen-reader-response\"><p role=\"status\" aria-live=\"polite\" aria-atomic=\"true\"><\/p> <ul><\/ul><\/div>\n<form action=\"\/en\/wp-json\/wp\/v2\/pages\/49882#wpcf7-f4816-o1\" method=\"post\" class=\"wpcf7-form init\" aria-label=\"Kapcsolatfelv\u00e9teli \u0171rlap\" novalidate=\"novalidate\" data-status=\"init\">\n<div style=\"display: none;\">\n<input type=\"hidden\" name=\"_wpcf7\" value=\"4816\" \/>\n<input type=\"hidden\" name=\"_wpcf7_version\" value=\"5.9.8\" \/>\n<input type=\"hidden\" name=\"_wpcf7_locale\" value=\"hu_HU\" \/>\n<input type=\"hidden\" name=\"_wpcf7_unit_tag\" value=\"wpcf7-f4816-o1\" \/>\n<input type=\"hidden\" name=\"_wpcf7_container_post\" value=\"0\" \/>\n<input type=\"hidden\" name=\"_wpcf7_posted_data_hash\" value=\"\" \/>\n<input type=\"hidden\" name=\"_wpcf7_recaptcha_response\" value=\"\" \/>\n<\/div>\n<div class=\"row mb-3\">\n\t<div class=\"col-md-12 text-center\">\n\t\t<h2 class=\"mb-0\">Iratkozzon fel h\u00edrlevel\u00fcnkre!\n\t\t<\/h2>\n\t<\/div>\n<\/div>\n<div class=\"row form-group mb-0\">\n\t<div class=\"col-md-6 my-3\">\n\t\t<p><span class=\"wpcf7-form-control-wrap\" data-name=\"nev\"><input size=\"40\" maxlength=\"400\" class=\"wpcf7-form-control wpcf7-text wpcf7-validates-as-required form-control\" aria-required=\"true\" aria-invalid=\"false\" placeholder=\"N\u00e9v\" value=\"\" type=\"text\" name=\"nev\" \/><\/span>\n\t\t<\/p>\n\t<\/div>\n\t<div class=\"col-md-6 my-3\">\n\t\t<p><span class=\"wpcf7-form-control-wrap\" data-name=\"email-cim\"><input size=\"40\" maxlength=\"400\" class=\"wpcf7-form-control wpcf7-email wpcf7-validates-as-required wpcf7-text wpcf7-validates-as-email form-control\" aria-required=\"true\" aria-invalid=\"false\" placeholder=\"E-mail c\u00edm\" value=\"\" type=\"email\" name=\"email-cim\" \/><\/span>\n\t\t<\/p>\n\t<\/div>\n\t<div class=\"col-md-12 my-3\">\n\t\t<p><span class=\"wpcf7-form-control-wrap\" data-name=\"adatvedelmi\"><span class=\"wpcf7-form-control wpcf7-acceptance\"><span class=\"wpcf7-list-item\"><label><input type=\"checkbox\" name=\"adatvedelmi\" value=\"1\" aria-invalid=\"false\" \/><span class=\"wpcf7-list-item-label\">Kijelentem, hogy elolvastam, megismertem a Nova Human Resources Kft. <a target=\"_blank\" href=\"\/docs\/Nova_Akad\u00e9mia_adatv\u00e9delmi_t\u00e1j\u00e9koztat\u00f3.pdf\">Adatv\u00e9delmi T\u00e1j\u00e9koztat\u00f3j\u00e1t<\/a>.<\/span><\/label><\/span><\/span><\/span>\n\t\t<\/p>\n\t<\/div>\n\t<div class=\"col-md-12 mb-3\">\n\t\t<p><span class=\"wpcf7-form-control-wrap\" data-name=\"hirlevel\"><span class=\"wpcf7-form-control wpcf7-acceptance\"><span class=\"wpcf7-list-item\"><label><input type=\"checkbox\" name=\"hirlevel\" value=\"1\" aria-invalid=\"false\" \/><span class=\"wpcf7-list-item-label\">Hozz\u00e1j\u00e1rulok ahhoz, hogy a Nova Human Resources Kft. az \u00e1ltalam megadott e-mail c\u00edmre h\u00edrlevelet k\u00fcldj\u00f6n \u00e9s ezzel kapcsolatban a szem\u00e9lyes adataimat kezelje.<\/span><\/label><\/span><\/span><\/span>\n\t\t<\/p>\n\t<\/div>\n\t<div class=\"col-md-12 my-3 text-center\">\n\t\t<p><input class=\"wpcf7-form-control wpcf7-submit has-spinner nova-button-1 nova-button-small-padding\" type=\"submit\" value=\"K\u00fcld\u00e9s\" \/>\n\t\t<\/p>\n\t<\/div>\n<\/div><div class=\"wpcf7-response-output\" aria-hidden=\"true\"><\/div>\n<\/form>\n<\/div>\n[\/vc_column_inner][\/vc_row_inner][\/vc_column][\/vc_row]<\/p>\n<\/div>","protected":false},"excerpt":{"rendered":"<p>[vc_row css=&#8221;.vc_custom_1642684119866{margin-top: 200px !important;}&#8221;][vc_column][vc_row_inner css=&#8221;.vc_custom_1642684523054{margin-bottom: 200px !important;padding-top: 60px !important;padding-bottom: 20px !important;}&#8221;][vc_column_inner][\/vc_column_inner][\/vc_row_inner][\/vc_column][\/vc_row]<\/p>\n","protected":false},"author":8,"featured_media":0,"parent":1715,"menu_order":0,"comment_status":"closed","ping_status":"closed","template":"","meta":{"footnotes":""},"class_list":["post-49882","page","type-page","status-publish","hentry"],"_links":{"self":[{"href":"https:\/\/novahr.hu\/en\/wp-json\/wp\/v2\/pages\/49882"}],"collection":[{"href":"https:\/\/novahr.hu\/en\/wp-json\/wp\/v2\/pages"}],"about":[{"href":"https:\/\/novahr.hu\/en\/wp-json\/wp\/v2\/types\/page"}],"author":[{"embeddable":true,"href":"https:\/\/novahr.hu\/en\/wp-json\/wp\/v2\/users\/8"}],"replies":[{"embeddable":true,"href":"https:\/\/novahr.hu\/en\/wp-json\/wp\/v2\/comments?post=49882"}],"version-history":[{"count":8,"href":"https:\/\/novahr.hu\/en\/wp-json\/wp\/v2\/pages\/49882\/revisions"}],"predecessor-version":[{"id":50040,"href":"https:\/\/novahr.hu\/en\/wp-json\/wp\/v2\/pages\/49882\/revisions\/50040"}],"up":[{"embeddable":true,"href":"https:\/\/novahr.hu\/en\/wp-json\/wp\/v2\/pages\/1715"}],"wp:attachment":[{"href":"https:\/\/novahr.hu\/en\/wp-json\/wp\/v2\/media?parent=49882"}],"curies":[{"name":"wp","href":"https:\/\/api.w.org\/{rel}","templated":true}]}}