{"id":4843,"date":"2020-10-22T14:22:31","date_gmt":"2020-10-22T12:22:31","guid":{"rendered":"https:\/\/novahr.hu\/digi-hr\/"},"modified":"2024-12-06T09:52:37","modified_gmt":"2024-12-06T08:52:37","slug":"digital-services","status":"publish","type":"page","link":"https:\/\/novahr.hu\/en\/digital-services\/","title":{"rendered":"Digital and transformation services"},"content":{"rendered":"<div class=\"wpb-content-wrapper\"><p>[vc_row full_width=&#8221;stretch_row&#8221; css=&#8221;.vc_custom_1603363772881{padding-top: 70px !important;padding-bottom: 110px !important;background-image: url(https:\/\/novahr.hu\/wp-content\/uploads\/2020\/05\/image-7-3.png?id=95) !important;}&#8221;][vc_column css=&#8221;.vc_custom_1603361657181{padding-top: 0px !important;}&#8221;]<div class=\"kw_section_header text-center text-mobile-default   vc_custom_1732879282400\">\r\n\t\t\t\t\t\t[vc_column_text]<h1 class=\"  \" style=\"color:#ffffff;\">Digital and transformation services<\/h1>[\/vc_column_text]\r\n\t\t\t\t\t\t\r\n\t\t\t\t<\/div>[\/vc_column][\/vc_row][vc_row equal_height=&#8221;yes&#8221; content_placement=&#8221;middle&#8221; el_class=&#8221;training-container&#8221;][vc_column width=&#8221;1\/4&#8243; css=&#8221;.vc_custom_1603363673126{padding-top: 0px !important;}&#8221;][vc_single_image image=&#8221;322&#8243; img_size=&#8221;medium&#8221;][\/vc_column][vc_column width=&#8221;3\/4&#8243; css=&#8221;.vc_custom_1603363678996{padding-top: 0px !important;}&#8221;]<div class=\"kw_section_header text-left text-mobile-default  \">\r\n\t\t\t\t\t\t[vc_column_text]<h4 class=\"color-default font-400 \" style=\"\">We are our customers' successful transformation and digital transition partner.<\/h4>[\/vc_column_text]\r\n\t\t\t\t\t\t\r\n\t\t\t\t<\/div>[\/vc_column][\/vc_row][vc_row css=&#8221;.vc_custom_1603363283774{margin-bottom: 80px !important;}&#8221;][vc_column css=&#8221;.vc_custom_1604435238959{border-top-width: 1px !important;border-right-width: 1px !important;border-bottom-width: 1px !important;border-left-width: 1px !important;padding-top: 50px !important;padding-right: 150px !important;padding-bottom: 50px !important;padding-left: 150px !important;background-color: #ffffff !important;border-left-color: #dddddd !important;border-left-style: solid !important;border-right-color: #dddddd !important;border-right-style: solid !important;border-top-color: #dddddd !important;border-top-style: solid !important;border-bottom-color: #dddddd !important;border-bottom-style: solid !important;}&#8221; el_class=&#8221;padding-mobile-20&#8243;][vc_column_text css=&#8221;&#8221;]In order to achieve your organizational goals our experts help you to plan, select and implement the best methodologies, processes and digital solutions that match the goals and your possibilities.<\/p>\n<p>With our services, we support our customers in their transformation, optimization and digital transformation efforts, from planning and full-scale implementation to long-term maintenance:<\/p>\n<ul>\n<li>Organizational maturity and transformation risk forecast<\/li>\n<li>Organizational transformation (support for legal, methodological, strategic, optimization and digital organizational transformations)<\/li>\n<li>Lean and agile transformation<\/li>\n<li>Process design and development<\/li>\n<li>Data model, data catalog creation<\/li>\n<li>Planning of long-term transformation and digitalization strategy and goals<\/li>\n<li>Support for the selection, acquisition, integration and implementation of digital solutions (ERP, CRM, RPA, EDMS, AI, etc.)<\/li>\n<li>Change management<\/li>\n<li>Organizational development<\/li>\n<li>Competence and value assessment, knowledge transfer, skill developmentMediation, supervision and coaching<\/li>\n<\/ul>\n<p>In each case, we adapt the composition of our implementation teams to the needs and requirements of our customers and to successful implementation.<\/p>\n<p>Our team consists of four groups of experts:<\/p>\n<ul>\n<li>Business analysts and project managers experience complete organizational restructuring and digital transformation<\/li>\n<li>Lean and agile methodology experts<\/li>\n<li>Change management, organizational development and labor consultants<\/li>\n<li>Experts, software developers and testers who prepare the technical specifications of ERP and other software and support their selection, procurement and implementation<\/li>\n<\/ul>\n<p>[\/vc_column_text][\/vc_column][\/vc_row][vc_row css=&#8221;.vc_custom_1614768667565{margin-bottom: 80px !important;}&#8221;][vc_column]<div class=\"kw_section_header text-center text-mobile-default  \">\r\n\t\t\t\t\t\t[vc_column_text]<h2 class=\"color-default  \" style=\"\">Tov\u00e1bbi szolg\u00e1ltat\u00e1saink<\/h2>[\/vc_column_text]\r\n\t\t\t\t\t\t\r\n\t\t\t\t<\/div><div class=\"p-relative vc-carousel owl-carousel owl-theme owl-carousel-regular\"><div class='larion-service-item '><div class='larion-service-image' style='background-image: url(https:\/\/novahr.hu\/wp-content\/uploads\/2020\/05\/Rajzt\u00e1bla-1-m\u00e1solat-300x300.png)'><\/div><h4 class='larion-service-name'><a href=https:\/\/novahr.hu\/en\/recruitment\/service\/digi-hr\/>Digi HR<\/a><\/h4><p class='larion-service-content'>We use online solutions and automatization to develop the HR processes of organizations<\/p><a class='larion-service-link nova-button-1'  href=https:\/\/novahr.hu\/en\/recruitment\/service\/digi-hr\/>Details<\/a><\/div><div class='larion-service-item '><div class='larion-service-image' style='background-image: url(https:\/\/novahr.hu\/wp-content\/uploads\/2020\/05\/Rajzt\u00e1bla-1-m\u00e1solat-4_1-1-300x300.png)'><\/div><h4 class='larion-service-name'><a href=https:\/\/novahr.hu\/en\/recruitment\/service\/wage-transparency\/>Wage transparency consulting<\/a><\/h4><p class='larion-service-content'><\/p><a class='larion-service-link nova-button-1'  href=https:\/\/novahr.hu\/en\/recruitment\/service\/wage-transparency\/>Details<\/a><\/div><div class='larion-service-item '><div class='larion-service-image' style='background-image: url(https:\/\/novahr.hu\/wp-content\/uploads\/2020\/05\/Rajzt\u00e1bla-1-m\u00e1solat-3-300x300.png)'><\/div><h4 class='larion-service-name'><a href=https:\/\/novahr.hu\/en\/recruitment\/service\/academy-organization-development\/>Academy, Organization development<\/a><\/h4><p class='larion-service-content'>We provide up-to-date methods and skills in IT, HR, labour, taxation, finance and soft skills that can be applied in practice right away. <\/p><a class='larion-service-link nova-button-1'  href=https:\/\/novahr.hu\/en\/recruitment\/service\/academy-organization-development\/>Details<\/a><\/div><div class='larion-service-item '><div class='larion-service-image' style='background-image: url(https:\/\/novahr.hu\/wp-content\/uploads\/2020\/05\/Rajzt\u00e1bla-1-300x300.png)'><\/div><h4 class='larion-service-name'><a href=https:\/\/novahr.hu\/en\/recruitment\/service\/executive-search\/>Executive search<\/a><\/h4><p class='larion-service-content'>If you need highly qualified executives or professionals with special skills<\/p><a class='larion-service-link nova-button-1'  href=https:\/\/novahr.hu\/en\/recruitment\/service\/executive-search\/>Details<\/a><\/div><div class='larion-service-item '><div class='larion-service-image' style='background-image: url(https:\/\/novahr.hu\/wp-content\/uploads\/2020\/05\/Rajzt\u00e1bla-1-m\u00e1solat-5-300x300.png)'><\/div><h4 class='larion-service-name'><a href=https:\/\/novahr.hu\/en\/recruitment\/service\/hr-outsourcing\/>HR outsourcing<\/a><\/h4><p class='larion-service-content'>HR Outsourcing allows companies to focus on growth and their strategic goals while placing human resource management in expert hands.<\/p><a class='larion-service-link nova-button-1'  href=https:\/\/novahr.hu\/en\/recruitment\/service\/hr-outsourcing\/>Details<\/a><\/div><div class='larion-service-item '><div class='larion-service-image' style='background-image: url(https:\/\/novahr.hu\/wp-content\/uploads\/2020\/05\/Rajzt\u00e1bla-1-m\u00e1solat-2-300x300.png)'><\/div><h4 class='larion-service-name'><a href=https:\/\/novahr.hu\/en\/recruitment\/service\/recruitment\/>Recruitment<\/a><\/h4><p class='larion-service-content'>We provide fast and effective help in recruiting white-collar, intellec-tual and executive jobs in almost all areas<\/p><a class='larion-service-link nova-button-1'  href=https:\/\/novahr.hu\/en\/recruitment\/service\/recruitment\/>Details<\/a><\/div><\/div>[\/vc_column][\/vc_row][vc_row][vc_column]<div class=\"larion-early-bird-vc-wrapper\"><\/div>[\/vc_column][\/vc_row]<\/p>\n<\/div>","protected":false},"excerpt":{"rendered":"<p>[vc_row full_width=&#8221;stretch_row&#8221; css=&#8221;.vc_custom_1603363772881{padding-top: 70px !important;padding-bottom: 110px !important;background-image: url(https:\/\/novahr.hu\/wp-content\/uploads\/2020\/05\/image-7-3.png?id=95) !important;}&#8221;][vc_column css=&#8221;.vc_custom_1603361657181{padding-top: 0px !important;}&#8221;][\/vc_column][\/vc_row][vc_row equal_height=&#8221;yes&#8221; content_placement=&#8221;middle&#8221; el_class=&#8221;training-container&#8221;][vc_column width=&#8221;1\/4&#8243; css=&#8221;.vc_custom_1603363673126{padding-top: 0px !important;}&#8221;][vc_single_image image=&#8221;322&#8243; img_size=&#8221;medium&#8221;][\/vc_column][vc_column width=&#8221;3\/4&#8243; css=&#8221;.vc_custom_1603363678996{padding-top: 0px !important;}&#8221;][\/vc_column][\/vc_row][vc_row css=&#8221;.vc_custom_1603363283774{margin-bottom: 80px !important;}&#8221;][vc_column css=&#8221;.vc_custom_1604435238959{border-top-width: 1px !important;border-right-width: 1px !important;border-bottom-width: 1px !important;border-left-width: 1px !important;padding-top: 50px !important;padding-right: 150px !important;padding-bottom: 50px !important;padding-left: 150px !important;background-color: #ffffff !important;border-left-color: #dddddd !important;border-left-style: solid !important;border-right-color: #dddddd !important;border-right-style: solid !important;border-top-color: [&hellip;]<\/p>\n","protected":false},"author":3,"featured_media":0,"parent":0,"menu_order":0,"comment_status":"closed","ping_status":"closed","template":"","meta":{"footnotes":""},"class_list":["post-4843","page","type-page","status-publish","hentry"],"_links":{"self":[{"href":"https:\/\/novahr.hu\/en\/wp-json\/wp\/v2\/pages\/4843"}],"collection":[{"href":"https:\/\/novahr.hu\/en\/wp-json\/wp\/v2\/pages"}],"about":[{"href":"https:\/\/novahr.hu\/en\/wp-json\/wp\/v2\/types\/page"}],"author":[{"embeddable":true,"href":"https:\/\/novahr.hu\/en\/wp-json\/wp\/v2\/users\/3"}],"replies":[{"embeddable":true,"href":"https:\/\/novahr.hu\/en\/wp-json\/wp\/v2\/comments?post=4843"}],"version-history":[{"count":13,"href":"https:\/\/novahr.hu\/en\/wp-json\/wp\/v2\/pages\/4843\/revisions"}],"predecessor-version":[{"id":207977,"href":"https:\/\/novahr.hu\/en\/wp-json\/wp\/v2\/pages\/4843\/revisions\/207977"}],"wp:attachment":[{"href":"https:\/\/novahr.hu\/en\/wp-json\/wp\/v2\/media?parent=4843"}],"curies":[{"name":"wp","href":"https:\/\/api.w.org\/{rel}","templated":true}]}}