{"id":3,"date":"2020-05-04T17:26:51","date_gmt":"2020-05-04T17:26:51","guid":{"rendered":"https:\/\/novahr.hu\/?page_id=3"},"modified":"2022-04-25T10:08:49","modified_gmt":"2022-04-25T08:08:49","slug":"adatkezelesi-tajekoztato","status":"publish","type":"page","link":"https:\/\/novahr.hu\/en\/adatkezelesi-tajekoztato\/","title":{"rendered":"Adatv\u00e9delmi ir\u00e1nyelvek"},"content":{"rendered":"<div class=\"wpb-content-wrapper\"><p>[vc_row][vc_column][vc_column_text]<\/p>\n<h3>ADATV\u00c9DELMI T\u00c1J\u00c9KOZTAT\u00d3<br \/>\nAZ \u00c1LL\u00c1SP\u00c1LY\u00c1ZATOK SOR\u00c1N JELENTKEZ\u0150K SZEM\u00c9LYES ADATAINAK V\u00c9DELM\u00c9R\u0150L<\/h3>\n<p>A Nova Human Resources Korl\u00e1tolt Felel\u0151ss\u00e9g\u0171 T\u00e1rsas\u00e1g (1095 Budapest, Soroks\u00e1ri \u00fat 30-34.; C\u00e9gjegyz\u00e9ksz\u00e1m: 01-09-351983), mint adatkezel\u0151 (\u201eT\u00e1rsas\u00e1g, vagy \u201eAdatkezel\u0151\u201d, egyben mint a www.novahr.hu honlap \u00fczemeltet\u0151je) elk\u00f6telezett az ir\u00e1nyad\u00f3 adatv\u00e9delmi szab\u00e1lyok betart\u00e1sa mellett \u00e9s a jogszab\u00e1lyokban meghat\u00e1rozott v\u00e9delmet biztos\u00edtja a T\u00e1rsas\u00e1g \u00e1ltal k\u00f6zvet\u00edtett poz\u00edci\u00f3kra \u00e1ll\u00e1sra jelentkez\u0151knek (\u201d\u00c9rintett\u201d vagy Jelentkez\u0151\u201d).<br \/>\nA jelen t\u00e1j\u00e9koztat\u00f3 (\u201eT\u00e1j\u00e9koztat\u00f3\u201d) c\u00e9lja, hogy a Jelentkez\u0151k sz\u00e1m\u00e1ra r\u00e9szletes t\u00e1j\u00e9koztat\u00e1st ny\u00fajtson az adataik kezel\u00e9s\u00e9vel kapcsolatos minden l\u00e9nyeges t\u00e9nyr\u0151l, \u00edgy k\u00fcl\u00f6n\u00f6sen az adatkezel\u00e9s c\u00e9lj\u00e1r\u00f3l \u00e9s jogalapj\u00e1r\u00f3l, az adatkezel\u00e9sre \u00e9s az adatfeldolgoz\u00e1sra jogosult szem\u00e9lyekr\u0151l, az adatkezel\u00e9s id\u0151tartam\u00e1r\u00f3l, illetve arr\u00f3l, hogy kik ismerhetik meg az adatokat, az Eur\u00f3pai Uni\u00f3 679\/2016 sz\u00e1m\u00fa \u00c1ltal\u00e1nos Adatv\u00e9delmi Rendelete (\u201eGDPR\u201d) \u00e9s az inform\u00e1ci\u00f3s \u00f6nrendelkez\u00e9si jogr\u00f3l \u00e9s az inform\u00e1ci\u00f3szabads\u00e1gr\u00f3l sz\u00f3l\u00f3 2011. \u00e9vi CXII. t\u00f6rv\u00e9ny (\u201eInfotv.\u201d) rendelkez\u00e9seivel \u00f6sszhangban.<br \/>\nA jelen T\u00e1j\u00e9koztat\u00f3 2018. m\u00e1jus 25. napj\u00e1t\u00f3l hat\u00e1lyos tov\u00e1bbi rendelkez\u00e9sig vagy visszavon\u00e1sig.<\/p>\n<p><strong>Az adatkezel\u0151 T\u00e1rsas\u00e1g k\u00e9pvisel\u0151je:<\/strong><br \/>\nJamniczky Andrea, \u00fcgyvezet\u0151; Jord\u00e1n Szabolcs, \u00fcgyvezet\u0151<br \/>\nAz adatkezel\u0151 el\u00e9rhet\u0151s\u00e9gei:<br \/>\nc\u00edm: 1095 Budapest, Soroks\u00e1ri \u00fat 30-34<br \/>\ne-mail: info@novahr.hu<br \/>\ntelefonsz\u00e1m: +36 1 770 0931<\/p>\n<h3>1. \u00c9RINTETTEK K\u00d6RE<\/h3>\n<p>Hozz\u00e1sz\u00f3l\u00e1s bek\u00fcld\u00e9sekor a hozz\u00e1sz\u00f3l\u00e1si \u0171rlapban megadottakon k\u00edv\u00fcl begy\u0171jt\u00e9sre ker\u00fcl a hozz\u00e1sz\u00f3l\u00f3 IP c\u00edme \u00e9s a b\u00f6ng\u00e9sz\u0151azonos\u00edt\u00f3 karakterl\u00e1nc a k\u00e9retlen tartalmak kisz\u0171r\u00e9se c\u00e9lj\u00e1b\u00f3l.<\/p>\n<p>Egy szem\u00e9lytelen\u00edtett, az e-mail c\u00edmb\u0151l el\u0151\u00e1ll\u00edtott karakterl\u00e1nc (hashnek szok\u00e1s nevezni) ker\u00fcl tov\u00e1bb\u00edt\u00e1sra a Gravatar szolg\u00e1ltat\u00e1s fel\u00e9, ha ez az oldalon haszn\u00e1latban van. A Gravatar szolg\u00e1ltat\u00e1s felt\u00e9telei az al\u00e1bbi c\u00edmen tekinthet\u0151ek meg: https:\/\/automattic.com\/privacy\/. A hozz\u00e1sz\u00f3l\u00e1s elfogad\u00e1sa ut\u00e1n, a hozz\u00e1sz\u00f3l\u00e1sunk tartalma \u00e9s a profil k\u00e9p\u00fcnk is megjelenik nyilv\u00e1nosan.<\/p>\n<h3>2. \u00c9RTELMEZ\u0150 RENDELKEZ\u00c9SEK<\/h3>\n<p>Amennyiben regisztr\u00e1lt felhaszn\u00e1l\u00f3 \u00e1ltal ker\u00fcl k\u00e9p felt\u00f6lt\u00e9sre a honlapra, ker\u00fclni kell az az olyan EXIF-eket, amelyekben GPS poz\u00edci\u00f3 adatok is szerepelnek. A honlap l\u00e1togat\u00f3i ezeket let\u00f6lthetik \u00e9s kinyerhetik a helyadatokat a honlapon tal\u00e1lhat\u00f3 k\u00e9pekb\u0151l.<\/p>\n<p>A jelen T\u00e1j\u00e9koztat\u00f3 \u00e9rtelmez\u00e9s\u00e9ben az al\u00e1bbiakban neves\u00edtett egyes fogalmak az k\u00f6vetkez\u0151 jelent\u00e9sekkel b\u00edrnak:<br \/>\n<strong>\u201eszem\u00e9lyes adat&#8221;:<\/strong> azonos\u00edtott vagy azonos\u00edthat\u00f3 Munkav\u00e1llal\u00f3ra vonatkoz\u00f3 b\u00e1rmely inform\u00e1ci\u00f3; azonos\u00edthat\u00f3 az a Munkav\u00e1llal\u00f3 (term\u00e9szetes szem\u00e9ly), aki k\u00f6zvetlen vagy k\u00f6zvetett m\u00f3don, k\u00fcl\u00f6n\u00f6sen valamely azonos\u00edt\u00f3, p\u00e9ld\u00e1ul n\u00e9v, sz\u00e1m, helymeghat\u00e1roz\u00f3 adat, online azonos\u00edt\u00f3 vagy a term\u00e9szetes szem\u00e9ly testi, fiziol\u00f3giai, genetikai, szellemi, gazdas\u00e1gi, kultur\u00e1lis vagy szoci\u00e1lis azonoss\u00e1g\u00e1ra vonatkoz\u00f3 egy vagy t\u00f6bb t\u00e9nyez\u0151 alapj\u00e1n azonos\u00edthat\u00f3;<br \/>\n<strong>\u201eadatkezel\u00e9s&#8221;:<\/strong> a szem\u00e9lyes adatokon vagy adat\u00e1llom\u00e1nyokon automatiz\u00e1lt vagy nem automatiz\u00e1lt m\u00f3don v\u00e9gzett b\u00e1rmely m\u0171velet vagy m\u0171veletek \u00f6sszess\u00e9ge, \u00edgy a gy\u0171jt\u00e9s, r\u00f6gz\u00edt\u00e9s, rendszerez\u00e9s, tagol\u00e1s, t\u00e1rol\u00e1s, \u00e1talak\u00edt\u00e1s vagy megv\u00e1ltoztat\u00e1s, lek\u00e9rdez\u00e9s, betekint\u00e9s, felhaszn\u00e1l\u00e1s, k\u00f6zl\u00e9s tov\u00e1bb\u00edt\u00e1s, terjeszt\u00e9s vagy egy\u00e9b m\u00f3don t\u00f6rt\u00e9n\u0151 hozz\u00e1f\u00e9rhet\u0151v\u00e9 t\u00e9tel \u00fatj\u00e1n, \u00f6sszehangol\u00e1s vagy \u00f6sszekapcsol\u00e1s, korl\u00e1toz\u00e1s, t\u00f6rl\u00e9s, illetve megsemmis\u00edt\u00e9s;<br \/>\n<strong>\u201eadatkezel\u0151&#8221;:<\/strong> a munk\u00e1ltat\u00f3 tov\u00e1bb\u00e1 az a term\u00e9szetes vagy jogi szem\u00e9ly vagy b\u00e1rmely egy\u00e9b szerv, amely a szem\u00e9lyes adatok kezel\u00e9s\u00e9nek c\u00e9ljait \u00e9s eszk\u00f6zeit \u00f6n\u00e1ll\u00f3an vagy m\u00e1sokkal egy\u00fctt meghat\u00e1rozza;<br \/>\n\u201eadatfeldolgoz\u00f3&#8221;: az a term\u00e9szetes vagy jogi szem\u00e9ly, k\u00f6zhatalmi szerv, \u00fcgyn\u00f6ks\u00e9g vagy b\u00e1rmely egy\u00e9b szerv, amely az adatkezel\u0151 nev\u00e9ben szem\u00e9lyes adatokat kezel;<br \/>\n<strong>\u201eadatv\u00e9delmi incidens\u201d:<\/strong> a biztons\u00e1g olyan s\u00e9r\u00fcl\u00e9se, amely a tov\u00e1bb\u00edtott, t\u00e1rolt vagy m\u00e1s m\u00f3don kezelt szem\u00e9lyes adatok v\u00e9letlen vagy jogellenes megsemmis\u00edt\u00e9s\u00e9t, elveszt\u00e9s\u00e9t, megv\u00e1ltoztat\u00e1s\u00e1t, jogosulatlan k\u00f6zl\u00e9s\u00e9t vagy az azokhoz val\u00f3 jogosulatlan hozz\u00e1f\u00e9r\u00e9st eredm\u00e9nyezi.<br \/>\n<strong>\u201ec\u00edmzett&#8221;:<\/strong> az a term\u00e9szetes vagy jogi szem\u00e9ly, k\u00f6zhatalmi szerv, \u00fcgyn\u00f6ks\u00e9g vagy b\u00e1rmely egy\u00e9b szerv, akivel vagy amellyel a szem\u00e9lyes adatot k\u00f6zlik, f\u00fcggetlen\u00fcl att\u00f3l, hogy harmadik f\u00e9l-e. Azon k\u00f6zhatalmi szervek, amelyek egy egyedi vizsg\u00e1lat keret\u00e9ben az uni\u00f3s vagy a tag\u00e1llami joggal \u00f6sszhangban f\u00e9rhetnek hozz\u00e1 szem\u00e9lyes adatokhoz, nem min\u0151s\u00fclnek c\u00edmzettnek; az eml\u00edtett adatok e k\u00f6zhatalmi szervek \u00e1ltali kezel\u00e9se meg kell, hogy feleljen az adatkezel\u00e9s c\u00e9ljainak megfelel\u0151en az alkalmazand\u00f3 adatv\u00e9delmi szab\u00e1lyoknak;<br \/>\n<strong>\u201eharmadik f\u00e9l&#8221;:<\/strong> az a term\u00e9szetes vagy jogi szem\u00e9ly, k\u00f6zhatalmi szerv, \u00fcgyn\u00f6ks\u00e9g vagy b\u00e1rmely egy\u00e9b szerv, amely nem azonos az \u00e9rintettel, az adatkezel\u0151vel, az adatfeldolgoz\u00f3val vagy azokkal a szem\u00e9lyekkel, akik az adatkezel\u0151 vagy adatfeldolgoz\u00f3 k\u00f6zvetlen ir\u00e1ny\u00edt\u00e1sa alatt a szem\u00e9lyes adatok kezel\u00e9s\u00e9re felhatalmaz\u00e1st kaptak;<br \/>\n<strong>\u201eaz \u00e9rintett hozz\u00e1j\u00e1rul\u00e1sa&#8221;:<\/strong> az \u00e9rintett akarat\u00e1nak \u00f6nk\u00e9ntes, konkr\u00e9t \u00e9s megfelel\u0151 t\u00e1j\u00e9koztat\u00e1son alapul\u00f3 \u00e9s egy\u00e9rtelm\u0171 kinyilv\u00e1n\u00edt\u00e1sa, amellyel az \u00e9rintett nyilatkozat vagy a meger\u0151s\u00edt\u00e9st f\u00e9lre\u00e9rthetetlen\u00fcl kifejez\u0151 cselekedet \u00fatj\u00e1n jelzi, hogy beleegyez\u00e9s\u00e9t adja az \u0151t \u00e9rint\u0151 szem\u00e9lyes adatok kezel\u00e9s\u00e9hez;<br \/>\n<strong>\u201ek\u00fcl\u00f6nleges adat&#8221;:<\/strong> A faji vagy etnikai sz\u00e1rmaz\u00e1sra, politikai v\u00e9lem\u00e9nyre, vall\u00e1si vagy vil\u00e1gn\u00e9zeti meggy\u0151z\u0151d\u00e9sre vagy szakszervezeti tags\u00e1gra utal\u00f3 szem\u00e9lyes adatok, valamint a term\u00e9szetes szem\u00e9lyek egyedi azonos\u00edt\u00e1s\u00e1t c\u00e9lz\u00f3 genetikai \u00e9s biometrikus adatok, az eg\u00e9szs\u00e9g\u00fcgyi adatok \u00e9s a term\u00e9szetes szem\u00e9lyek szexu\u00e1lis \u00e9let\u00e9re vagy szexu\u00e1lis ir\u00e1nyults\u00e1g\u00e1ra vonatkoz\u00f3 szem\u00e9lyes adatok;<br \/>\n<strong>\u201eeg\u00e9szs\u00e9g\u00fcgyi adat&#8221;:<\/strong> egy term\u00e9szetes szem\u00e9ly testi vagy pszichikai eg\u00e9szs\u00e9gi \u00e1llapot\u00e1ra vonatkoz\u00f3 szem\u00e9lyes adat, ide\u00e9rtve a term\u00e9szetes szem\u00e9ly sz\u00e1m\u00e1ra ny\u00fajtott eg\u00e9szs\u00e9g\u00fcgyi szolg\u00e1ltat\u00e1sokra vonatkoz\u00f3 olyan adatot is, amely inform\u00e1ci\u00f3t hordoz a term\u00e9szetes szem\u00e9ly eg\u00e9szs\u00e9gi \u00e1llapot\u00e1r\u00f3l;<br \/>\n<strong>\u201eadattov\u00e1bb\u00edt\u00e1s&#8221;:<\/strong> a szem\u00e9lyes adat meghat\u00e1rozott c\u00edmzett sz\u00e1m\u00e1ra t\u00f6rt\u00e9n\u0151 hozz\u00e1f\u00e9rhet\u0151v\u00e9 t\u00e9tele;<br \/>\n<strong>\u201eadatv\u00e9delmi incidens&#8221;:<\/strong> Adatv\u00e9delmi incidensnek min\u0151s\u00fcl a szem\u00e9lyes adatok kezel\u00e9s\u00e9re vonatkoz\u00f3 biztons\u00e1g olyan s\u00e9r\u00fcl\u00e9se, amely a tov\u00e1bb\u00edtott vagy t\u00e1rolt vagy m\u00e1s m\u00f3don kezelt szem\u00e9lyes adatok v\u00e9letlen vagy jogellenes megsemmis\u00edt\u00e9s\u00e9t, elveszt\u00e9s\u00e9t, megv\u00e1ltoztat\u00e1s\u00e1t, jogosulatlan k\u00f6zl\u00e9s\u00e9t vagy ahhoz kapcsol\u00f3d\u00f3 jogosulatlan hozz\u00e1f\u00e9r\u00e9st eredm\u00e9nyezi.<br \/>\n<strong>\u201ev\u00e1llalkoz\u00e1scsoport&#8221;<\/strong>: az ellen\u0151rz\u0151 v\u00e1llalkoz\u00e1s \u00e9s az \u00e1ltala ellen\u0151rz\u00f6tt v\u00e1llalkoz\u00e1sok; a jelen T\u00e1j\u00e9koztat\u00f3 \u00e9rtelmez\u00e9s\u00e9ben v\u00e1llalkoz\u00e1scsoport jelenti a T\u00e1rsas\u00e1got, annak ellen\u0151rz\u0151 v\u00e1llalatait,<br \/>\nA GDPR \u00e1ltal meghat\u00e1rozott egy\u00e9b fogalmakat annak 4. cikke tartalmazza<\/p>\n<h3>3.\u00a0 EGYES ADATKEZEL\u00c9SEK<\/h3>\n<h4><strong>3.1 MARKETINGEL KAPCSOLATOS ADATKEZEL\u00c9SEK<\/strong><\/h4>\n<h5>a.)<\/h5>\n<h3><\/h3>\n<h2>Kivel osztjuk meg a felhaszn\u00e1l\u00f3i adatokat<\/h2>\n<h2>Mennyi ideig \u0151rizz\u00fck a szem\u00e9lyes adatot<\/h2>\n<p>Ha hozz\u00e1sz\u00f3lunk, a hozz\u00e1sz\u00f3l\u00e1s \u00e9s annak metaadatai nem meghat\u00e1rozhat\u00f3 ideig a rendszerben maradnak. Ennek c\u00e9lja, hogy az \u00f6sszes ezt k\u00f6vet\u0151 b\u00e1rmely hozz\u00e1sz\u00f3l\u00e1s \u00e1ltalunk megismertt\u00e9 \u00e9s j\u00f3v\u00e1hagyott\u00e1 v\u00e1ljon, azaz ne ker\u00fclj\u00f6n fel a moder\u00e1land\u00f3 hozz\u00e1sz\u00f3l\u00e1sok list\u00e1j\u00e1ra.<\/p>\n<p>A honlapon regisztr\u00e1lt felhaszn\u00e1l\u00f3k (ha vannak ilyenek) szem\u00e9lyes adatai a saj\u00e1t felhaszn\u00e1l\u00f3i profiljukban is t\u00e1rol\u00e1sra ker\u00fclnek. Minden felhaszn\u00e1l\u00f3 megtekintheti, szerkesztheti vagy t\u00f6r\u00f6lheti a szem\u00e9lyes adatait b\u00e1rmikor (kiv\u00e9ve, hogy nem v\u00e1ltoztathatja meg a saj\u00e1t felhaszn\u00e1l\u00f3i nev\u00e9t). A honlap rendszergazd\u00e1i ezen inform\u00e1ci\u00f3kat szint\u00e9n megtekinthetik \u00e9s szerkeszthetik.<\/p>\n<h2>Milyen jogokkal rendelkezik a felhaszn\u00e1l\u00f3 a saj\u00e1t adatai kapcs\u00e1n<\/h2>\n<p>A weboldalon regisztr\u00e1lt fi\u00f3k vagy hozz\u00e1sz\u00f3l\u00e1s \u00edr\u00e1sa eset\u00e9n k\u00e9rhet\u0151 a szem\u00e9lyes adatok export f\u00e1jlban t\u00f6rt\u00e9n\u0151 megk\u00fcld\u00e9se, amely b\u00e1rmilyen adatot tartalmaz, amit kor\u00e1bban a felhaszn\u00e1l\u00f3 rendelkez\u00e9s\u00fcnkre bocs\u00e1tott. K\u00e9rhet\u0151 tov\u00e1bb\u00e1, hogy b\u00e1rmilyen kor\u00e1bban megadott szem\u00e9lyes adatot t\u00f6r\u00f6lj\u00fck. Ez nem vonatkozik azokra az adatokra, amelyeket adminisztr\u00e1ci\u00f3s, jogi vagy biztons\u00e1gi okokb\u00f3l k\u00f6telez\u0151 meg\u0151rizn\u00fcnk.<\/p>\n<h2>H<\/h2>\n<h2><\/h2>\n<p>[\/vc_column_text][\/vc_column][\/vc_row]<\/p>\n<\/div>","protected":false},"excerpt":{"rendered":"<p>[vc_row][vc_column][vc_column_text] ADATV\u00c9DELMI T\u00c1J\u00c9KOZTAT\u00d3 AZ \u00c1LL\u00c1SP\u00c1LY\u00c1ZATOK SOR\u00c1N JELENTKEZ\u0150K SZEM\u00c9LYES ADATAINAK V\u00c9DELM\u00c9R\u0150L A Nova Human Resources Korl\u00e1tolt Felel\u0151ss\u00e9g\u0171 T\u00e1rsas\u00e1g (1095 Budapest, Soroks\u00e1ri \u00fat 30-34.; C\u00e9gjegyz\u00e9ksz\u00e1m: 01-09-351983), mint adatkezel\u0151 (\u201eT\u00e1rsas\u00e1g, vagy \u201eAdatkezel\u0151\u201d, egyben mint a www.novahr.hu honlap \u00fczemeltet\u0151je) elk\u00f6telezett az ir\u00e1nyad\u00f3 adatv\u00e9delmi szab\u00e1lyok betart\u00e1sa mellett \u00e9s a jogszab\u00e1lyokban meghat\u00e1rozott v\u00e9delmet biztos\u00edtja a T\u00e1rsas\u00e1g \u00e1ltal k\u00f6zvet\u00edtett poz\u00edci\u00f3kra \u00e1ll\u00e1sra jelentkez\u0151knek [&hellip;]<\/p>\n","protected":false},"author":3,"featured_media":0,"parent":0,"menu_order":0,"comment_status":"closed","ping_status":"closed","template":"","meta":{"footnotes":""},"class_list":["post-3","page","type-page","status-publish","hentry"],"_links":{"self":[{"href":"https:\/\/novahr.hu\/en\/wp-json\/wp\/v2\/pages\/3"}],"collection":[{"href":"https:\/\/novahr.hu\/en\/wp-json\/wp\/v2\/pages"}],"about":[{"href":"https:\/\/novahr.hu\/en\/wp-json\/wp\/v2\/types\/page"}],"author":[{"embeddable":true,"href":"https:\/\/novahr.hu\/en\/wp-json\/wp\/v2\/users\/3"}],"replies":[{"embeddable":true,"href":"https:\/\/novahr.hu\/en\/wp-json\/wp\/v2\/comments?post=3"}],"version-history":[{"count":11,"href":"https:\/\/novahr.hu\/en\/wp-json\/wp\/v2\/pages\/3\/revisions"}],"predecessor-version":[{"id":66291,"href":"https:\/\/novahr.hu\/en\/wp-json\/wp\/v2\/pages\/3\/revisions\/66291"}],"wp:attachment":[{"href":"https:\/\/novahr.hu\/en\/wp-json\/wp\/v2\/media?parent=3"}],"curies":[{"name":"wp","href":"https:\/\/api.w.org\/{rel}","templated":true}]}}