{"id":240756,"date":"2025-09-26T10:46:28","date_gmt":"2025-09-26T08:46:28","guid":{"rendered":"https:\/\/novahr.hu\/?page_id=240756"},"modified":"2026-01-07T12:13:38","modified_gmt":"2026-01-07T11:13:38","slug":"about-us","status":"publish","type":"page","link":"https:\/\/novahr.hu\/en\/about-us\/","title":{"rendered":"About us"},"content":{"rendered":"<div class=\"wpb-content-wrapper\"><p>[vc_row full_width=&#8221;stretch_row&#8221; css=&#8221;.vc_custom_1590500920105{padding-top: 50px !important;padding-bottom: 50px !important;background-image: url(https:\/\/novahr.hu\/wp-content\/uploads\/2020\/05\/header-background.jpg?id=534) !important;background-position: center !important;background-repeat: no-repeat !important;background-size: cover !important;}&#8221;][vc_column width=&#8221;1\/6&#8243;][\/vc_column][vc_column width=&#8221;2\/3&#8243;][vc_column_text]<\/p>\n<h1 style=\"text-align: center; color: #ffffff;\">About us<\/h1>\n<p>[\/vc_column_text][vc_column_text]<\/p>\n<p style=\"text-align: center;\"><span style=\"color: #ffffff;\"><strong>We are an HR advisory company operating on the basis of international standards, member of the Nova Group.<\/strong><\/span><\/p>\n<p>[\/vc_column_text][\/vc_column][vc_column width=&#8221;1\/6&#8243;][\/vc_column][\/vc_row][vc_row full_width=&#8221;stretch_row&#8221; css=&#8221;.vc_custom_1589882029942{padding-top: 75px !important;background-color: #fafafa !important;}&#8221;][vc_column css=&#8221;.vc_custom_1588762856013{border-top-width: 1px !important;border-right-width: 1px !important;border-bottom-width: 1px !important;border-left-width: 1px !important;padding-top: 50px !important;padding-right: 50px !important;padding-bottom: 50px !important;padding-left: 50px !important;background-color: #ffffff !important;border-left-color: #dddddd !important;border-left-style: solid !important;border-right-color: #dddddd !important;border-right-style: solid !important;border-top-color: #dddddd !important;border-top-style: solid !important;border-bottom-color: #dddddd !important;border-bottom-style: solid !important;}&#8221;][vc_column_text css=&#8221;&#8221;]<\/p>\n<h2>Nova Group<\/h2>\n<p>Our company group consists of three companies.<\/p>\n<p><b><a href=\"https:\/\/en.novaservices.hu\/#home\" target=\"_blank\" rel=\"noopener\">Nova Services Plc.<\/a>\u00a0<\/b>is an innovative IT solution provider company committed to new technologies and new IT trends. Our portfolio mostly contains full-stack developments, portal developments, and application integration\u00a0projects.<\/p>\n<p><b><a href=\"http:\/\/www.barre.hu\/\" target=\"_blank\" rel=\"noopener\">Barr\u00e9 Technologies Plc.<\/a><\/b>\u00a0is a software development and solution provider company specializing in enterprise solutions, which mainly deals with enterprise content management and enterprise data asset management.<\/p>\n<p><b>Nova Human Resources Ltd.\u00a0<\/b>is a Hungarian-owned personnel consulting company operating on the basis of international standards.<\/p>\n<p>Our services include recruitment, temporary staffing, executive search, digital HR, data protection and employment consulting. In addition, within the framework of Nova Academy, we provide training and organizational development services to our clients.<\/p>\n<p>The managers and employees of our company have several decades of experience in the field of HR, we can boast of many satisfied customers both in Budapest and the countryside.<\/p>\n<ul>\n<li>Within the scope of our\u00a0<strong>Recruitment\u00a0<\/strong>service, we primarily help our clients fill white-collar jobs with fast and efficient methods. Our employees are experienced professionals in both recruitment, selection and candidate management.<\/li>\n<li>Our\u00a0<strong>Executive search<\/strong>\u00a0service is carried out by the managers of our company: we recommend it in case of senior managers, top managers and hard-to-reach specialists, with utmost discretion.<\/li>\n<li><strong>HR Outsourcing<\/strong> allows companies to focus on growth and their strategic goals while placing human resource management in expert hands.<\/li>\n<li>Our\u00a0<strong>digital HR, data protection and labour consultants<\/strong>\u00a0are the best specialists in the country, who are readily available, whether it is about organizational diagnostics, process planning or setting up a new digital HR structure. A data protection audit entails us mapping data management and uncovering any deficiencies. Labour consultancy entails us determining the critical points of the labour operation, evaluating the risks and providing company-tailored solutions to any problems.<\/li>\n<li>Our\u00a0<strong>Nova Academy<\/strong>\u00a0team provides training, coaching and organizational development services to our clients. We organize open and corporate training courses in Hungarian or English, primarily in the fields of HR, labour, payroll, soft skills and IT.<\/li>\n<\/ul>\n<p>[\/vc_column_text][\/vc_column][\/vc_row][vc_row full_width=&#8221;stretch_row&#8221; gap=&#8221;30&#8243; disable_element=&#8221;yes&#8221; css=&#8221;.vc_custom_1589387094072{padding-bottom: 75px !important;background-color: #fafafa !important;}&#8221;][vc_column width=&#8221;1\/3&#8243; css=&#8221;.vc_custom_1588762794365{border-top-width: 1px !important;border-right-width: 1px !important;border-bottom-width: 1px !important;border-left-width: 1px !important;padding-top: 20px !important;padding-right: 20px !important;padding-left: 20px !important;background-color: #ffffff !important;border-left-color: #dddddd !important;border-left-style: solid !important;border-right-color: #dddddd !important;border-right-style: solid !important;border-top-color: #dddddd !important;border-top-style: solid !important;border-bottom-color: #dddddd !important;border-bottom-style: solid !important;}&#8221;][vc_single_image][vc_column_text css=&#8221;.vc_custom_1588762674452{margin-bottom: 20px !important;}&#8221;]<\/p>\n<h3 style=\"text-align: center;\">Andrea Jamniczky<\/h3>\n<p>[\/vc_column_text][vc_column_text]<\/p>\n<p style=\"text-align: center;\">\u00dcgyvezet\u0151 igazgat\u00f3<\/p>\n<p>[\/vc_column_text][\/vc_column][vc_column width=&#8221;1\/3&#8243; css=&#8221;.vc_custom_1588762808258{border-top-width: 1px !important;border-right-width: 1px !important;border-bottom-width: 1px !important;border-left-width: 1px !important;padding-top: 20px !important;padding-right: 20px !important;padding-left: 20px !important;background-color: #ffffff !important;border-left-color: #dddddd !important;border-left-style: solid !important;border-right-color: #dddddd !important;border-right-style: solid !important;border-top-color: #dddddd !important;border-top-style: solid !important;border-bottom-color: #dddddd !important;border-bottom-style: solid !important;}&#8221;][vc_single_image][vc_column_text css=&#8221;.vc_custom_1588762678169{margin-bottom: 20px !important;}&#8221;]<\/p>\n<h3 style=\"text-align: center;\">Jord\u00e1n Szabolcs<\/h3>\n<p>[\/vc_column_text][vc_column_text]<\/p>\n<p style=\"text-align: center;\">\u00dcgyvezet\u0151 igazgat\u00f3<\/p>\n<p>[\/vc_column_text][\/vc_column][vc_column width=&#8221;1\/3&#8243; css=&#8221;.vc_custom_1588762821331{border-top-width: 1px !important;border-right-width: 1px !important;border-bottom-width: 1px !important;border-left-width: 1px !important;padding-top: 20px !important;padding-right: 20px !important;padding-left: 20px !important;background-color: #ffffff !important;border-left-color: #dddddd !important;border-left-style: solid !important;border-right-color: #dddddd !important;border-right-style: solid !important;border-top-color: #dddddd !important;border-top-style: solid !important;border-bottom-color: #dddddd !important;border-bottom-style: solid !important;}&#8221;][vc_single_image][vc_column_text css=&#8221;.vc_custom_1588762682897{margin-bottom: 20px !important;}&#8221;]<\/p>\n<h3 style=\"text-align: center;\">Kir\u00e1ly Mikl\u00f3s<\/h3>\n<p>[\/vc_column_text][vc_column_text]<\/p>\n<p style=\"text-align: center;\">Senior recruiter<\/p>\n<p>[\/vc_column_text][\/vc_column][\/vc_row][vc_row full_width=&#8221;stretch_row&#8221; gap=&#8221;30&#8243; css=&#8221;.vc_custom_1718952129083{padding-top: 30px !important;padding-bottom: 30px !important;background-color: #fafafa !important;}&#8221;][vc_column width=&#8221;1\/6&#8243;][\/vc_column][vc_column width=&#8221;1\/3&#8243; el_class=&#8221;team&#8221;][vc_single_image image=&#8221;244487&#8243; img_size=&#8221;318&#215;282&#8243; alignment=&#8221;center&#8221; css=&#8221;&#8221;][vc_row_inner][vc_column_inner][vc_icon icon_fontawesome=&#8221;fa fa-envelope-square&#8221; color=&#8221;custom&#8221; size=&#8221;lg&#8221; custom_color=&#8221;#9d4455&#8243; link=&#8221;url:mailto%3Ajamniczky.andrea%40novahr.hu||target:%20_blank|&#8221;][vc_icon icon_fontawesome=&#8221;fa fa-linkedin-square&#8221; color=&#8221;custom&#8221; size=&#8221;lg&#8221; custom_color=&#8221;#9d4455&#8243; link=&#8221;url:https%3A%2F%2Fwww.linkedin.com%2Fin%2Fandreajamniczky%2F||target:%20_blank|&#8221;][\/vc_column_inner][\/vc_row_inner][vc_column_text css=&#8221;.vc_custom_1590418883006{margin-bottom: 20px !important;}&#8221;]<\/p>\n<h3 style=\"text-align: center;\">Jamniczky Andrea<\/h3>\n<p>[\/vc_column_text][vc_column_text]<\/p>\n<p style=\"text-align: center;\">Managing Director<\/p>\n<p>[\/vc_column_text][\/vc_column][vc_column width=&#8221;1\/3&#8243; el_class=&#8221;team&#8221;][vc_single_image image=&#8221;244481&#8243; img_size=&#8221;318&#215;282&#8243; alignment=&#8221;center&#8221; css=&#8221;&#8221;][vc_row_inner][vc_column_inner][vc_icon icon_fontawesome=&#8221;fa fa-envelope-square&#8221; color=&#8221;custom&#8221; size=&#8221;lg&#8221; custom_color=&#8221;#9d4455&#8243; link=&#8221;url:mailto%3Ajordan.szabolcs%40novahr.hu||target:%20_blank|&#8221;][vc_icon icon_fontawesome=&#8221;fa fa-linkedin-square&#8221; color=&#8221;custom&#8221; size=&#8221;lg&#8221; custom_color=&#8221;#9d4455&#8243; link=&#8221;url:https%3A%2F%2Fwww.linkedin.com%2Fin%2Fjordanszabolcs%2F||target:%20_blank|&#8221;][\/vc_column_inner][\/vc_row_inner][vc_column_text css=&#8221;.vc_custom_1589386686851{margin-bottom: 20px !important;}&#8221;]<\/p>\n<h3 style=\"text-align: center;\">Jord\u00e1n Szabolcs<\/h3>\n<p>[\/vc_column_text][vc_column_text]<\/p>\n<p style=\"text-align: center;\">Managing Director<\/p>\n<p>[\/vc_column_text][\/vc_column][vc_column width=&#8221;1\/6&#8243;][\/vc_column][\/vc_row][vc_row full_width=&#8221;stretch_row&#8221; gap=&#8221;30&#8243; css=&#8221;.vc_custom_1718952139003{padding-top: 30px !important;padding-bottom: 30px !important;background-color: #fafafa !important;}&#8221;][vc_column width=&#8221;1\/6&#8243;][\/vc_column][vc_column width=&#8221;1\/3&#8243; el_class=&#8221;team&#8221;][vc_single_image image=&#8221;244477&#8243; img_size=&#8221;318&#215;282&#8243; alignment=&#8221;center&#8221; css=&#8221;&#8221;][vc_row_inner][vc_column_inner][vc_icon icon_fontawesome=&#8221;fa fa-envelope-square&#8221; color=&#8221;custom&#8221; size=&#8221;lg&#8221; custom_color=&#8221;#9d4455&#8243; link=&#8221;url:mailto%3Abartha.istvan%40novahr.hu||target:%20_blank|&#8221;][vc_icon icon_fontawesome=&#8221;fa fa-linkedin-square&#8221; color=&#8221;custom&#8221; size=&#8221;lg&#8221; custom_color=&#8221;#9d4455&#8243; link=&#8221;url:https%3A%2F%2Fwww.linkedin.com%2Fin%2Fistv%25C3%25A1n-bartha-135370144%2F||target:%20_blank|&#8221;][\/vc_column_inner][\/vc_row_inner][vc_column_text css=&#8221;.vc_custom_1615211133512{margin-bottom: 20px !important;}&#8221;]<\/p>\n<h3 style=\"text-align: center;\">Bartha Istv\u00e1n<\/h3>\n<p>[\/vc_column_text][vc_column_text css=&#8221;&#8221;]<\/p>\n<p style=\"text-align: center;\">Head of Executive Search<\/p>\n<p>[\/vc_column_text][\/vc_column][vc_column width=&#8221;1\/3&#8243; el_class=&#8221;team&#8221;][vc_single_image image=&#8221;183898&#8243; img_size=&#8221;318&#215;282&#8243; alignment=&#8221;center&#8221;][vc_row_inner][vc_column_inner][vc_icon icon_fontawesome=&#8221;&#8221; color=&#8221;custom&#8221; size=&#8221;lg&#8221; custom_color=&#8221;#9d4455&#8243; link=&#8221;url:mailto%3Ahorvath.rita%40novahr.hu|target:_blank&#8221;][vc_icon icon_fontawesome=&#8221;&#8221; color=&#8221;custom&#8221; size=&#8221;lg&#8221; custom_color=&#8221;#9d4455&#8243; link=&#8221;url:https%3A%2F%2Fwww.linkedin.com%2Fin%2Frita-horv%25C3%25A1th-54381a230%2F|target:_blank&#8221;][\/vc_column_inner][\/vc_row_inner][vc_column_text css=&#8221;.vc_custom_1715158594121{margin-bottom: 20px !important;}&#8221;]<\/p>\n<h3 style=\"text-align: center;\">Horv\u00e1th Rita<\/h3>\n<p>[\/vc_column_text][vc_column_text]<\/p>\n<p style=\"text-align: center;\">Training manager<\/p>\n<p>[\/vc_column_text][\/vc_column][vc_column width=&#8221;1\/6&#8243;][\/vc_column][\/vc_row][vc_row full_width=&#8221;stretch_row&#8221; gap=&#8221;30&#8243; css=&#8221;.vc_custom_1718952139003{padding-top: 30px !important;padding-bottom: 30px !important;background-color: #fafafa !important;}&#8221;][vc_column width=&#8221;1\/6&#8243;][\/vc_column][vc_column width=&#8221;1\/6&#8243;][\/vc_column][\/vc_row]<\/p>\n<\/div>","protected":false},"excerpt":{"rendered":"<p>[vc_row full_width=&#8221;stretch_row&#8221; css=&#8221;.vc_custom_1590500920105{padding-top: 50px !important;padding-bottom: 50px !important;background-image: url(https:\/\/novahr.hu\/wp-content\/uploads\/2020\/05\/header-background.jpg?id=534) !important;background-position: center !important;background-repeat: no-repeat !important;background-size: cover !important;}&#8221;][vc_column width=&#8221;1\/6&#8243;][\/vc_column][vc_column width=&#8221;2\/3&#8243;][vc_column_text] About us [\/vc_column_text][vc_column_text] We are an HR advisory company operating on the basis of international standards, member of the Nova Group. [\/vc_column_text][\/vc_column][vc_column width=&#8221;1\/6&#8243;][\/vc_column][\/vc_row][vc_row full_width=&#8221;stretch_row&#8221; css=&#8221;.vc_custom_1589882029942{padding-top: 75px !important;background-color: #fafafa !important;}&#8221;][vc_column css=&#8221;.vc_custom_1588762856013{border-top-width: 1px !important;border-right-width: 1px !important;border-bottom-width: 1px !important;border-left-width: 1px !important;padding-top: [&hellip;]<\/p>\n","protected":false},"author":3,"featured_media":0,"parent":0,"menu_order":0,"comment_status":"closed","ping_status":"closed","template":"","meta":{"footnotes":""},"class_list":["post-240756","page","type-page","status-publish","hentry"],"_links":{"self":[{"href":"https:\/\/novahr.hu\/en\/wp-json\/wp\/v2\/pages\/240756"}],"collection":[{"href":"https:\/\/novahr.hu\/en\/wp-json\/wp\/v2\/pages"}],"about":[{"href":"https:\/\/novahr.hu\/en\/wp-json\/wp\/v2\/types\/page"}],"author":[{"embeddable":true,"href":"https:\/\/novahr.hu\/en\/wp-json\/wp\/v2\/users\/3"}],"replies":[{"embeddable":true,"href":"https:\/\/novahr.hu\/en\/wp-json\/wp\/v2\/comments?post=240756"}],"version-history":[{"count":8,"href":"https:\/\/novahr.hu\/en\/wp-json\/wp\/v2\/pages\/240756\/revisions"}],"predecessor-version":[{"id":256611,"href":"https:\/\/novahr.hu\/en\/wp-json\/wp\/v2\/pages\/240756\/revisions\/256611"}],"wp:attachment":[{"href":"https:\/\/novahr.hu\/en\/wp-json\/wp\/v2\/media?parent=240756"}],"curies":[{"name":"wp","href":"https:\/\/api.w.org\/{rel}","templated":true}]}}