{"id":183739,"date":"2020-05-04T18:15:57","date_gmt":"2020-05-04T18:15:57","guid":{"rendered":"https:\/\/nova.client22.masmedia.hu\/?page_id=16"},"modified":"2020-05-04T18:15:57","modified_gmt":"2020-05-04T18:15:57","slug":"allaslehetosegeink-2","status":"publish","type":"page","link":"https:\/\/novahr.hu\/en\/recruitment\/allaslehetosegeink-2\/","title":{"rendered":"\u00c1ll\u00e1slehet\u0151s\u00e9geink"},"content":{"rendered":"","protected":false},"excerpt":{"rendered":"","protected":false},"author":3,"featured_media":0,"parent":560,"menu_order":0,"comment_status":"closed","ping_status":"closed","template":"templates\/positions.php","meta":{"footnotes":""},"class_list":["post-183739","page","type-page","status-publish","hentry"],"_links":{"self":[{"href":"https:\/\/novahr.hu\/en\/wp-json\/wp\/v2\/pages\/183739"}],"collection":[{"href":"https:\/\/novahr.hu\/en\/wp-json\/wp\/v2\/pages"}],"about":[{"href":"https:\/\/novahr.hu\/en\/wp-json\/wp\/v2\/types\/page"}],"author":[{"embeddable":true,"href":"https:\/\/novahr.hu\/en\/wp-json\/wp\/v2\/users\/3"}],"replies":[{"embeddable":true,"href":"https:\/\/novahr.hu\/en\/wp-json\/wp\/v2\/comments?post=183739"}],"version-history":[{"count":0,"href":"https:\/\/novahr.hu\/en\/wp-json\/wp\/v2\/pages\/183739\/revisions"}],"up":[{"embeddable":true,"href":"https:\/\/novahr.hu\/en\/wp-json\/wp\/v2\/pages\/560"}],"wp:attachment":[{"href":"https:\/\/novahr.hu\/en\/wp-json\/wp\/v2\/media?parent=183739"}],"curies":[{"name":"wp","href":"https:\/\/api.w.org\/{rel}","templated":true}]}}